{"id":24702,"date":"2025-07-16T10:49:28","date_gmt":"2025-07-16T08:49:28","guid":{"rendered":"https:\/\/stc.cz\/?page_id=24702"},"modified":"2025-07-16T10:54:58","modified_gmt":"2025-07-16T08:54:58","slug":"biometric-kiosks","status":"publish","type":"page","link":"https:\/\/stc.cz\/en\/digital-services\/development-projects\/biometric-kiosks\/","title":{"rendered":"Biometric kiosks"},"content":{"rendered":"<div class=\"fusion-fullwidth fullwidth-box fusion-builder-row-1 nonhundred-percent-fullwidth non-hundred-percent-height-scrolling fusion-equal-height-columns\" style=\"--awb-border-radius-top-left:0px;--awb-border-radius-top-right:0px;--awb-border-radius-bottom-right:0px;--awb-border-radius-bottom-left:0px;--awb-padding-top:120px;--awb-padding-bottom:20px;--awb-background-color:#f8f8f8;--awb-flex-wrap:wrap;\" ><div class=\"fusion-builder-row fusion-row\"><div class=\"fusion-layout-column fusion_builder_column fusion-builder-column-0 fusion_builder_column_1_6 1_6 fusion-one-sixth fusion-column-first minheight-auto\" style=\"--awb-bg-size:cover;--awb-margin-bottom:20px;width:16.666666666667%;width:calc(16.666666666667% - ( ( 4% ) * 0.16666666666667 ) );margin-right: 4%;\"><div class=\"fusion-column-wrapper fusion-flex-column-wrapper-legacy\"><img decoding=\"async\" src=\"\/wp-content\/uploads\/2025\/07\/biometricke-kiosky-AI.png\" style=\"max-height: 150px; display: block; margin: 0 auto;\" \/><div class=\"fusion-clearfix\"><\/div><\/div><\/div><div class=\"fusion-layout-column fusion_builder_column fusion-builder-column-1 fusion_builder_column_5_6 5_6 fusion-five-sixth fusion-column-last minheight-auto\" style=\"--awb-bg-size:cover;--awb-margin-bottom:0px;width:83.333333333333%;width:calc(83.333333333333% - ( ( 4% ) * 0.83333333333333 ) );\"><div class=\"fusion-column-wrapper fusion-flex-column-wrapper-legacy\"><div class=\"fusion-text fusion-text-1\"><p>STC, in cooperation with its partner, is exploring the possible use of biometric kiosks to modernize and streamline the interaction of citizens with officers (and thus the administrative process). These biometric kiosks can be applied very effectively in two basic areas. The first area is identifying a&nbsp;person with a&nbsp;biometric document \u2013 the kiosk can compare and evaluate the biometric data in the document with the information obtained from the cameras and fingerprint scanner in the kiosk. An even more interesting area is the use of kioks for the collection of citizens\u2019 biometric data, whereby citizens, after being identified, can relatively easily transmit their biometric data through the kiosks to apply for a&nbsp;document, a&nbsp;solution increasingly used abroad. The possibilities of cooperation with potential customers for pilot projects in the Czech Republic are currently being explored.<\/p>\n<\/div><div class=\"fusion-clearfix\"><\/div><\/div><\/div><\/div><\/div>\n","protected":false},"excerpt":{"rendered":"","protected":false},"author":8,"featured_media":0,"parent":18093,"menu_order":0,"comment_status":"closed","ping_status":"closed","template":"100-width.php","meta":{"footnotes":""},"class_list":["post-24702","page","type-page","status-publish","hentry"],"yoast_head":"<!-- This site is optimized with the Yoast SEO plugin v24.4 - https:\/\/yoast.com\/wordpress\/plugins\/seo\/ -->\n<title>- St\u00e1tn\u00ed tisk\u00e1rna cenin<\/title>\n<meta name=\"robots\" content=\"index, follow, max-snippet:-1, max-image-preview:large, max-video-preview:-1\" \/>\n<link rel=\"canonical\" href=\"https:\/\/stc.cz\/en\/digital-services\/development-projects\/biometric-kiosks\/\" \/>\n<meta property=\"og:locale\" content=\"en_US\" \/>\n<meta property=\"og:type\" content=\"article\" \/>\n<meta property=\"og:title\" content=\"- St\u00e1tn\u00ed tisk\u00e1rna cenin\" \/>\n<meta property=\"og:url\" content=\"https:\/\/stc.cz\/en\/digital-services\/development-projects\/biometric-kiosks\/\" \/>\n<meta property=\"og:site_name\" content=\"St\u00e1tn\u00ed tisk\u00e1rna cenin\" \/>\n<meta property=\"article:modified_time\" content=\"2025-07-16T08:54:58+00:00\" \/>\n<meta property=\"og:image\" content=\"https:\/\/stc.cz\/wp-content\/uploads\/2023\/03\/NOVE_LOGO_STC_ukazka.jpg\" \/>\n\t<meta property=\"og:image:width\" content=\"1018\" \/>\n\t<meta property=\"og:image:height\" content=\"720\" \/>\n\t<meta property=\"og:image:type\" content=\"image\/jpeg\" \/>\n<meta name=\"twitter:card\" content=\"summary_large_image\" \/>\n<meta name=\"twitter:label1\" content=\"Est. reading time\" \/>\n\t<meta name=\"twitter:data1\" content=\"1 minute\" \/>\n<script type=\"application\/ld+json\" class=\"yoast-schema-graph\">{\"@context\":\"https:\/\/schema.org\",\"@graph\":[{\"@type\":\"WebPage\",\"@id\":\"https:\/\/stc.cz\/en\/digital-services\/development-projects\/biometric-kiosks\/\",\"url\":\"https:\/\/stc.cz\/en\/digital-services\/development-projects\/biometric-kiosks\/\",\"name\":\"- St\u00e1tn\u00ed tisk\u00e1rna cenin\",\"isPartOf\":{\"@id\":\"https:\/\/stc.cz\/#website\"},\"datePublished\":\"2025-07-16T08:49:28+00:00\",\"dateModified\":\"2025-07-16T08:54:58+00:00\",\"breadcrumb\":{\"@id\":\"https:\/\/stc.cz\/en\/digital-services\/development-projects\/biometric-kiosks\/#breadcrumb\"},\"inLanguage\":\"en-US\",\"potentialAction\":[{\"@type\":\"ReadAction\",\"target\":[\"https:\/\/stc.cz\/en\/digital-services\/development-projects\/biometric-kiosks\/\"]}]},{\"@type\":\"BreadcrumbList\",\"@id\":\"https:\/\/stc.cz\/en\/digital-services\/development-projects\/biometric-kiosks\/#breadcrumb\",\"itemListElement\":[{\"@type\":\"ListItem\",\"position\":1,\"name\":\"Digital services\",\"item\":\"https:\/\/stc.cz\/en\/digital-services\/\"},{\"@type\":\"ListItem\",\"position\":2,\"name\":\"Development projects\",\"item\":\"https:\/\/stc.cz\/en\/digital-services\/development-projects\/\"},{\"@type\":\"ListItem\",\"position\":3,\"name\":\"Biometric kiosks\"}]},{\"@type\":\"WebSite\",\"@id\":\"https:\/\/stc.cz\/#website\",\"url\":\"https:\/\/stc.cz\/\",\"name\":\"St\u00e1tn\u00ed tisk\u00e1rna cenin\",\"description\":\"\",\"publisher\":{\"@id\":\"https:\/\/stc.cz\/#organization\"},\"alternateName\":\"V\u00edce ne\u017e 95 let nab\u00edz\u00edme sv\u00fdm z\u00e1kazn\u00edk\u016fm v\u00fdrobu polygrafick\u00fdch produkt\u016f s ceninov\u00fdmi ochrann\u00fdmi prvky v provozu vybaven\u00e9m nejmodern\u011bj\u0161\u00edmi technologiemi a bezpe\u010dnostn\u00edmi syst\u00e9my.\",\"potentialAction\":[{\"@type\":\"SearchAction\",\"target\":{\"@type\":\"EntryPoint\",\"urlTemplate\":\"https:\/\/stc.cz\/?s={search_term_string}\"},\"query-input\":{\"@type\":\"PropertyValueSpecification\",\"valueRequired\":true,\"valueName\":\"search_term_string\"}}],\"inLanguage\":\"en-US\"},{\"@type\":\"Organization\",\"@id\":\"https:\/\/stc.cz\/#organization\",\"name\":\"St\u00e1tn\u00ed tisk\u00e1rna cenin\",\"url\":\"https:\/\/stc.cz\/\",\"logo\":{\"@type\":\"ImageObject\",\"inLanguage\":\"en-US\",\"@id\":\"https:\/\/stc.cz\/#\/schema\/logo\/image\/\",\"url\":\"https:\/\/stc.cz\/wp-content\/uploads\/2023\/03\/NOVE_LOGO_STC.jpg\",\"contentUrl\":\"https:\/\/stc.cz\/wp-content\/uploads\/2023\/03\/NOVE_LOGO_STC.jpg\",\"width\":1280,\"height\":720,\"caption\":\"St\u00e1tn\u00ed tisk\u00e1rna cenin\"},\"image\":{\"@id\":\"https:\/\/stc.cz\/#\/schema\/logo\/image\/\"}}]}<\/script>\n<!-- \/ Yoast SEO plugin. -->","yoast_head_json":{"title":"- St\u00e1tn\u00ed tisk\u00e1rna cenin","robots":{"index":"index","follow":"follow","max-snippet":"max-snippet:-1","max-image-preview":"max-image-preview:large","max-video-preview":"max-video-preview:-1"},"canonical":"https:\/\/stc.cz\/en\/digital-services\/development-projects\/biometric-kiosks\/","og_locale":"en_US","og_type":"article","og_title":"- St\u00e1tn\u00ed tisk\u00e1rna cenin","og_url":"https:\/\/stc.cz\/en\/digital-services\/development-projects\/biometric-kiosks\/","og_site_name":"St\u00e1tn\u00ed tisk\u00e1rna cenin","article_modified_time":"2025-07-16T08:54:58+00:00","og_image":[{"width":1018,"height":720,"url":"https:\/\/stc.cz\/wp-content\/uploads\/2023\/03\/NOVE_LOGO_STC_ukazka.jpg","type":"image\/jpeg"}],"twitter_card":"summary_large_image","twitter_misc":{"Est. reading time":"1 minute"},"schema":{"@context":"https:\/\/schema.org","@graph":[{"@type":"WebPage","@id":"https:\/\/stc.cz\/en\/digital-services\/development-projects\/biometric-kiosks\/","url":"https:\/\/stc.cz\/en\/digital-services\/development-projects\/biometric-kiosks\/","name":"- St\u00e1tn\u00ed tisk\u00e1rna cenin","isPartOf":{"@id":"https:\/\/stc.cz\/#website"},"datePublished":"2025-07-16T08:49:28+00:00","dateModified":"2025-07-16T08:54:58+00:00","breadcrumb":{"@id":"https:\/\/stc.cz\/en\/digital-services\/development-projects\/biometric-kiosks\/#breadcrumb"},"inLanguage":"en-US","potentialAction":[{"@type":"ReadAction","target":["https:\/\/stc.cz\/en\/digital-services\/development-projects\/biometric-kiosks\/"]}]},{"@type":"BreadcrumbList","@id":"https:\/\/stc.cz\/en\/digital-services\/development-projects\/biometric-kiosks\/#breadcrumb","itemListElement":[{"@type":"ListItem","position":1,"name":"Digital services","item":"https:\/\/stc.cz\/en\/digital-services\/"},{"@type":"ListItem","position":2,"name":"Development projects","item":"https:\/\/stc.cz\/en\/digital-services\/development-projects\/"},{"@type":"ListItem","position":3,"name":"Biometric kiosks"}]},{"@type":"WebSite","@id":"https:\/\/stc.cz\/#website","url":"https:\/\/stc.cz\/","name":"St\u00e1tn\u00ed tisk\u00e1rna cenin","description":"","publisher":{"@id":"https:\/\/stc.cz\/#organization"},"alternateName":"V\u00edce ne\u017e 95 let nab\u00edz\u00edme sv\u00fdm z\u00e1kazn\u00edk\u016fm v\u00fdrobu polygrafick\u00fdch produkt\u016f s ceninov\u00fdmi ochrann\u00fdmi prvky v provozu vybaven\u00e9m nejmodern\u011bj\u0161\u00edmi technologiemi a bezpe\u010dnostn\u00edmi syst\u00e9my.","potentialAction":[{"@type":"SearchAction","target":{"@type":"EntryPoint","urlTemplate":"https:\/\/stc.cz\/?s={search_term_string}"},"query-input":{"@type":"PropertyValueSpecification","valueRequired":true,"valueName":"search_term_string"}}],"inLanguage":"en-US"},{"@type":"Organization","@id":"https:\/\/stc.cz\/#organization","name":"St\u00e1tn\u00ed tisk\u00e1rna cenin","url":"https:\/\/stc.cz\/","logo":{"@type":"ImageObject","inLanguage":"en-US","@id":"https:\/\/stc.cz\/#\/schema\/logo\/image\/","url":"https:\/\/stc.cz\/wp-content\/uploads\/2023\/03\/NOVE_LOGO_STC.jpg","contentUrl":"https:\/\/stc.cz\/wp-content\/uploads\/2023\/03\/NOVE_LOGO_STC.jpg","width":1280,"height":720,"caption":"St\u00e1tn\u00ed tisk\u00e1rna cenin"},"image":{"@id":"https:\/\/stc.cz\/#\/schema\/logo\/image\/"}}]}},"_links":{"self":[{"href":"https:\/\/stc.cz\/en\/wp-json\/wp\/v2\/pages\/24702","targetHints":{"allow":["GET"]}}],"collection":[{"href":"https:\/\/stc.cz\/en\/wp-json\/wp\/v2\/pages"}],"about":[{"href":"https:\/\/stc.cz\/en\/wp-json\/wp\/v2\/types\/page"}],"author":[{"embeddable":true,"href":"https:\/\/stc.cz\/en\/wp-json\/wp\/v2\/users\/8"}],"replies":[{"embeddable":true,"href":"https:\/\/stc.cz\/en\/wp-json\/wp\/v2\/comments?post=24702"}],"version-history":[{"count":1,"href":"https:\/\/stc.cz\/en\/wp-json\/wp\/v2\/pages\/24702\/revisions"}],"predecessor-version":[{"id":24715,"href":"https:\/\/stc.cz\/en\/wp-json\/wp\/v2\/pages\/24702\/revisions\/24715"}],"up":[{"embeddable":true,"href":"https:\/\/stc.cz\/en\/wp-json\/wp\/v2\/pages\/18093"}],"wp:attachment":[{"href":"https:\/\/stc.cz\/en\/wp-json\/wp\/v2\/media?parent=24702"}],"curies":[{"name":"wp","href":"https:\/\/api.w.org\/{rel}","templated":true}]}}