{"id":18105,"date":"2021-04-19T09:25:37","date_gmt":"2021-04-19T07:25:37","guid":{"rendered":"https:\/\/stc.cz\/?page_id=18105\/"},"modified":"2025-07-16T11:47:35","modified_gmt":"2025-07-16T09:47:35","slug":"track-and-trace-other-commodities","status":"publish","type":"page","link":"https:\/\/stc.cz\/en\/digital-services\/development-projects\/track-and-trace-other-commodities\/","title":{"rendered":"Track and Trace \u2013 other commodities"},"content":{"rendered":"<div class=\"fusion-fullwidth fullwidth-box fusion-builder-row-1 nonhundred-percent-fullwidth non-hundred-percent-height-scrolling fusion-equal-height-columns\" style=\"--awb-border-radius-top-left:0px;--awb-border-radius-top-right:0px;--awb-border-radius-bottom-right:0px;--awb-border-radius-bottom-left:0px;--awb-padding-top:120px;--awb-padding-bottom:20px;--awb-background-color:#f8f8f8;--awb-flex-wrap:wrap;\" ><div class=\"fusion-builder-row fusion-row\"><div class=\"fusion-layout-column fusion_builder_column fusion-builder-column-0 fusion_builder_column_1_1 1_1 fusion-one-full fusion-column-first fusion-column-last minheight-auto\" style=\"--awb-bg-size:cover;--awb-margin-bottom:0px;\"><div class=\"fusion-column-wrapper fusion-flex-column-wrapper-legacy\"><div class=\"fusion-text fusion-text-1\"><p><strong>STC is able to combine the latest technologies and procedures of commercial companies with the stability and background of a&nbsp;state-owned enterprise. As a&nbsp;result, on the basis of Decree of the Government of the Czech Republic No. 671 of 17 October 2018, we were appointed the public issuer of the unique identifiers for tobacco products for the Czech Republic within the meaning of Article 3 of Commission Implementing Regulation (EU) 2018\/574 of 15 December 2017 on technical standards for the establishment and operation of a&nbsp;traceability system for tobacco products. <\/strong><\/p>\n<\/div><div class=\"fusion-text fusion-text-2\"><p>In the autumn of 2018, we were appointed the Issuer for the Czech Republic and launched the Track and Trace system for all tobacco products sold in the Czech Republic six months later, in the spring of 2019, as one of the first in Europe. After the official launch on 20 May 2019, we even helped to issue codes to other countries where the project failed to start according to the planned schedule.<\/p>\n<p>We currently operate this labelling system for tobacco production, but its use for other products or industry sectors is quite possible, from meat to fertilisers to explosives or pharmaceuticals.<\/p>\n<p>The point is that one central authority distributes the registration codes to all entities involved in production, distribution, storage and sale. This authority then generates unique codes that are applied by manufacturers and importers to the products. The whole system is closed by notifying the central repository of the movement of these products by each link in the process (e.g. I, manufacturer 123, want to produce this product, I&nbsp;ask for a&nbsp;code for it; then I, manufacturer 123, handed over the products with codes 1 and 2 to distributor 456; the distributor reports, I, 456, handed over the product to 1 seller 789). As a&nbsp;result, whenever you load the code of a&nbsp;given product (barcode, DOT code, QR code), you can use a&nbsp;query to the central repository to learn the complete CV of the product (when and by whom it was produced, where it was transported, how it was stored\u2026).<\/p>\n<\/div><div class=\"fusion-clearfix\"><\/div><\/div><\/div><div class=\"fusion-layout-column fusion_builder_column fusion-builder-column-1 fusion_builder_column_1_1 1_1 fusion-one-full fusion-column-first fusion-column-last minheight-auto\" style=\"--awb-bg-size:cover;--awb-margin-bottom:80px;\"><div class=\"fusion-column-wrapper fusion-flex-column-wrapper-legacy\"><div class=\"fusion-text fusion-text-3\"><p><strong>Why use Track and Trace also for other commodities?<\/strong><\/p>\n<ul>\n<li>the system provides protection for the final consumer<\/li>\n<li>customers\u2019 confidence in the brand, manufacturer or supplier increases<\/li>\n<li>the system provides protection of the market and the state (prevents circumvention of laws, collection of customs and excise duties, etc.)<\/li>\n<li>a substantial part of the product life cycle is conclusive and easily traceable<\/li>\n<\/ul>\n<p><strong>The customer has the opportunity to check the CV of the purchased goods at any time and ascertain that it is really a&nbsp;proper and safe product. <\/strong><\/p>\n<\/div><div class=\"fusion-clearfix\"><\/div><\/div><\/div><\/div><\/div>\n","protected":false},"excerpt":{"rendered":"","protected":false},"author":8,"featured_media":0,"parent":18093,"menu_order":0,"comment_status":"closed","ping_status":"closed","template":"100-width.php","meta":{"footnotes":""},"class_list":["post-18105","page","type-page","status-publish","hentry"],"yoast_head":"<!-- This site is optimized with the Yoast SEO plugin v24.4 - https:\/\/yoast.com\/wordpress\/plugins\/seo\/ -->\n<title>- St\u00e1tn\u00ed tisk\u00e1rna cenin<\/title>\n<meta name=\"robots\" content=\"index, follow, max-snippet:-1, max-image-preview:large, max-video-preview:-1\" \/>\n<link rel=\"canonical\" href=\"https:\/\/stc.cz\/en\/digital-services\/development-projects\/track-and-trace-other-commodities\/\" \/>\n<meta property=\"og:locale\" content=\"en_US\" \/>\n<meta property=\"og:type\" content=\"article\" \/>\n<meta property=\"og:title\" content=\"- St\u00e1tn\u00ed tisk\u00e1rna cenin\" \/>\n<meta property=\"og:url\" content=\"https:\/\/stc.cz\/en\/digital-services\/development-projects\/track-and-trace-other-commodities\/\" \/>\n<meta property=\"og:site_name\" content=\"St\u00e1tn\u00ed tisk\u00e1rna cenin\" \/>\n<meta property=\"article:modified_time\" content=\"2025-07-16T09:47:35+00:00\" \/>\n<meta property=\"og:image\" content=\"https:\/\/stc.cz\/wp-content\/uploads\/2023\/03\/NOVE_LOGO_STC_ukazka.jpg\" \/>\n\t<meta property=\"og:image:width\" content=\"1018\" \/>\n\t<meta property=\"og:image:height\" content=\"720\" \/>\n\t<meta property=\"og:image:type\" content=\"image\/jpeg\" \/>\n<meta name=\"twitter:card\" content=\"summary_large_image\" \/>\n<meta name=\"twitter:label1\" content=\"Est. reading time\" \/>\n\t<meta name=\"twitter:data1\" content=\"3 minutes\" \/>\n<script type=\"application\/ld+json\" class=\"yoast-schema-graph\">{\"@context\":\"https:\/\/schema.org\",\"@graph\":[{\"@type\":\"WebPage\",\"@id\":\"https:\/\/stc.cz\/en\/digital-services\/development-projects\/track-and-trace-other-commodities\/\",\"url\":\"https:\/\/stc.cz\/en\/digital-services\/development-projects\/track-and-trace-other-commodities\/\",\"name\":\"- St\u00e1tn\u00ed tisk\u00e1rna cenin\",\"isPartOf\":{\"@id\":\"https:\/\/stc.cz\/#website\"},\"datePublished\":\"2021-04-19T07:25:37+00:00\",\"dateModified\":\"2025-07-16T09:47:35+00:00\",\"breadcrumb\":{\"@id\":\"https:\/\/stc.cz\/en\/digital-services\/development-projects\/track-and-trace-other-commodities\/#breadcrumb\"},\"inLanguage\":\"en-US\",\"potentialAction\":[{\"@type\":\"ReadAction\",\"target\":[\"https:\/\/stc.cz\/en\/digital-services\/development-projects\/track-and-trace-other-commodities\/\"]}]},{\"@type\":\"BreadcrumbList\",\"@id\":\"https:\/\/stc.cz\/en\/digital-services\/development-projects\/track-and-trace-other-commodities\/#breadcrumb\",\"itemListElement\":[{\"@type\":\"ListItem\",\"position\":1,\"name\":\"Digital services\",\"item\":\"https:\/\/stc.cz\/en\/digital-services\/\"},{\"@type\":\"ListItem\",\"position\":2,\"name\":\"Development projects\",\"item\":\"https:\/\/stc.cz\/en\/digital-services\/development-projects\/\"},{\"@type\":\"ListItem\",\"position\":3,\"name\":\"Track and Trace \u2013 other commodities\"}]},{\"@type\":\"WebSite\",\"@id\":\"https:\/\/stc.cz\/#website\",\"url\":\"https:\/\/stc.cz\/\",\"name\":\"St\u00e1tn\u00ed tisk\u00e1rna cenin\",\"description\":\"\",\"publisher\":{\"@id\":\"https:\/\/stc.cz\/#organization\"},\"alternateName\":\"V\u00edce ne\u017e 95 let nab\u00edz\u00edme sv\u00fdm z\u00e1kazn\u00edk\u016fm v\u00fdrobu polygrafick\u00fdch produkt\u016f s ceninov\u00fdmi ochrann\u00fdmi prvky v provozu vybaven\u00e9m nejmodern\u011bj\u0161\u00edmi technologiemi a bezpe\u010dnostn\u00edmi syst\u00e9my.\",\"potentialAction\":[{\"@type\":\"SearchAction\",\"target\":{\"@type\":\"EntryPoint\",\"urlTemplate\":\"https:\/\/stc.cz\/?s={search_term_string}\"},\"query-input\":{\"@type\":\"PropertyValueSpecification\",\"valueRequired\":true,\"valueName\":\"search_term_string\"}}],\"inLanguage\":\"en-US\"},{\"@type\":\"Organization\",\"@id\":\"https:\/\/stc.cz\/#organization\",\"name\":\"St\u00e1tn\u00ed tisk\u00e1rna cenin\",\"url\":\"https:\/\/stc.cz\/\",\"logo\":{\"@type\":\"ImageObject\",\"inLanguage\":\"en-US\",\"@id\":\"https:\/\/stc.cz\/#\/schema\/logo\/image\/\",\"url\":\"https:\/\/stc.cz\/wp-content\/uploads\/2023\/03\/NOVE_LOGO_STC.jpg\",\"contentUrl\":\"https:\/\/stc.cz\/wp-content\/uploads\/2023\/03\/NOVE_LOGO_STC.jpg\",\"width\":1280,\"height\":720,\"caption\":\"St\u00e1tn\u00ed tisk\u00e1rna cenin\"},\"image\":{\"@id\":\"https:\/\/stc.cz\/#\/schema\/logo\/image\/\"}}]}<\/script>\n<!-- \/ Yoast SEO plugin. -->","yoast_head_json":{"title":"- St\u00e1tn\u00ed tisk\u00e1rna cenin","robots":{"index":"index","follow":"follow","max-snippet":"max-snippet:-1","max-image-preview":"max-image-preview:large","max-video-preview":"max-video-preview:-1"},"canonical":"https:\/\/stc.cz\/en\/digital-services\/development-projects\/track-and-trace-other-commodities\/","og_locale":"en_US","og_type":"article","og_title":"- St\u00e1tn\u00ed tisk\u00e1rna cenin","og_url":"https:\/\/stc.cz\/en\/digital-services\/development-projects\/track-and-trace-other-commodities\/","og_site_name":"St\u00e1tn\u00ed tisk\u00e1rna cenin","article_modified_time":"2025-07-16T09:47:35+00:00","og_image":[{"width":1018,"height":720,"url":"https:\/\/stc.cz\/wp-content\/uploads\/2023\/03\/NOVE_LOGO_STC_ukazka.jpg","type":"image\/jpeg"}],"twitter_card":"summary_large_image","twitter_misc":{"Est. reading time":"3 minutes"},"schema":{"@context":"https:\/\/schema.org","@graph":[{"@type":"WebPage","@id":"https:\/\/stc.cz\/en\/digital-services\/development-projects\/track-and-trace-other-commodities\/","url":"https:\/\/stc.cz\/en\/digital-services\/development-projects\/track-and-trace-other-commodities\/","name":"- St\u00e1tn\u00ed tisk\u00e1rna cenin","isPartOf":{"@id":"https:\/\/stc.cz\/#website"},"datePublished":"2021-04-19T07:25:37+00:00","dateModified":"2025-07-16T09:47:35+00:00","breadcrumb":{"@id":"https:\/\/stc.cz\/en\/digital-services\/development-projects\/track-and-trace-other-commodities\/#breadcrumb"},"inLanguage":"en-US","potentialAction":[{"@type":"ReadAction","target":["https:\/\/stc.cz\/en\/digital-services\/development-projects\/track-and-trace-other-commodities\/"]}]},{"@type":"BreadcrumbList","@id":"https:\/\/stc.cz\/en\/digital-services\/development-projects\/track-and-trace-other-commodities\/#breadcrumb","itemListElement":[{"@type":"ListItem","position":1,"name":"Digital services","item":"https:\/\/stc.cz\/en\/digital-services\/"},{"@type":"ListItem","position":2,"name":"Development projects","item":"https:\/\/stc.cz\/en\/digital-services\/development-projects\/"},{"@type":"ListItem","position":3,"name":"Track and Trace \u2013 other commodities"}]},{"@type":"WebSite","@id":"https:\/\/stc.cz\/#website","url":"https:\/\/stc.cz\/","name":"St\u00e1tn\u00ed tisk\u00e1rna cenin","description":"","publisher":{"@id":"https:\/\/stc.cz\/#organization"},"alternateName":"V\u00edce ne\u017e 95 let nab\u00edz\u00edme sv\u00fdm z\u00e1kazn\u00edk\u016fm v\u00fdrobu polygrafick\u00fdch produkt\u016f s ceninov\u00fdmi ochrann\u00fdmi prvky v provozu vybaven\u00e9m nejmodern\u011bj\u0161\u00edmi technologiemi a bezpe\u010dnostn\u00edmi syst\u00e9my.","potentialAction":[{"@type":"SearchAction","target":{"@type":"EntryPoint","urlTemplate":"https:\/\/stc.cz\/?s={search_term_string}"},"query-input":{"@type":"PropertyValueSpecification","valueRequired":true,"valueName":"search_term_string"}}],"inLanguage":"en-US"},{"@type":"Organization","@id":"https:\/\/stc.cz\/#organization","name":"St\u00e1tn\u00ed tisk\u00e1rna cenin","url":"https:\/\/stc.cz\/","logo":{"@type":"ImageObject","inLanguage":"en-US","@id":"https:\/\/stc.cz\/#\/schema\/logo\/image\/","url":"https:\/\/stc.cz\/wp-content\/uploads\/2023\/03\/NOVE_LOGO_STC.jpg","contentUrl":"https:\/\/stc.cz\/wp-content\/uploads\/2023\/03\/NOVE_LOGO_STC.jpg","width":1280,"height":720,"caption":"St\u00e1tn\u00ed tisk\u00e1rna cenin"},"image":{"@id":"https:\/\/stc.cz\/#\/schema\/logo\/image\/"}}]}},"_links":{"self":[{"href":"https:\/\/stc.cz\/en\/wp-json\/wp\/v2\/pages\/18105","targetHints":{"allow":["GET"]}}],"collection":[{"href":"https:\/\/stc.cz\/en\/wp-json\/wp\/v2\/pages"}],"about":[{"href":"https:\/\/stc.cz\/en\/wp-json\/wp\/v2\/types\/page"}],"author":[{"embeddable":true,"href":"https:\/\/stc.cz\/en\/wp-json\/wp\/v2\/users\/8"}],"replies":[{"embeddable":true,"href":"https:\/\/stc.cz\/en\/wp-json\/wp\/v2\/comments?post=18105"}],"version-history":[{"count":8,"href":"https:\/\/stc.cz\/en\/wp-json\/wp\/v2\/pages\/18105\/revisions"}],"predecessor-version":[{"id":24720,"href":"https:\/\/stc.cz\/en\/wp-json\/wp\/v2\/pages\/18105\/revisions\/24720"}],"up":[{"embeddable":true,"href":"https:\/\/stc.cz\/en\/wp-json\/wp\/v2\/pages\/18093"}],"wp:attachment":[{"href":"https:\/\/stc.cz\/en\/wp-json\/wp\/v2\/media?parent=18105"}],"curies":[{"name":"wp","href":"https:\/\/api.w.org\/{rel}","templated":true}]}}