{"id":18001,"date":"2021-03-19T18:13:19","date_gmt":"2021-03-19T17:13:19","guid":{"rendered":"https:\/\/stc.cz\/?page_id=18001\/"},"modified":"2021-03-19T18:13:42","modified_gmt":"2021-03-19T17:13:42","slug":"products-xx","status":"publish","type":"page","link":"https:\/\/stc.cz\/en\/products-xx\/","title":{"rendered":"Products"},"content":{"rendered":"<p><div class=\"fusion-fullwidth fullwidth-box fusion-builder-row-1 _3dRoll nonhundred-percent-fullwidth non-hundred-percent-height-scrolling\" style=\"--awb-border-radius-top-left:0px;--awb-border-radius-top-right:0px;--awb-border-radius-bottom-right:0px;--awb-border-radius-bottom-left:0px;--awb-padding-top:50px;--awb-padding-bottom:100px;--awb-flex-wrap:wrap;\" ><div class=\"fusion-builder-row fusion-row\"><div class=\"fusion-layout-column fusion_builder_column fusion-builder-column-0 fusion_builder_column_1_1 1_1 fusion-one-full fusion-column-first fusion-column-last\" style=\"--awb-bg-size:cover;--awb-margin-bottom:60px;\"><div class=\"fusion-column-wrapper fusion-flex-column-wrapper-legacy\"><div class=\"fusion-column-content-centered\"><div class=\"fusion-column-content\"><div class=\"fusion-text fusion-text-1\"><h2>Products<\/h2>\n<\/div><div class=\"fusion-sep-clear\"><\/div><div class=\"fusion-separator fusion-clearfix\" style=\"float:left;margin-bottom:10px;width:100%;max-width:100px;\"><div class=\"fusion-separator-border sep-single sep-solid\" style=\"--awb-height:20px;--awb-amount:20px;--awb-sep-color:#dcecd7;border-color:#dcecd7;border-top-width:2px;\"><\/div><\/div><div class=\"fusion-sep-clear\"><\/div><\/div><\/div><div class=\"fusion-clearfix\"><\/div><\/div><\/div><div class=\"fusion-layout-column fusion_builder_column fusion-builder-column-1 fusion_builder_column_1_5 1_5 fusion-one-fifth fusion-column-first _3dElement fusion-column-inner-bg-wrapper\" style=\"--awb-inner-bg-size:cover;--awb-margin-bottom:0px;width:20%;width:calc(20% - ( ( 0px + 0px + 0px + 0px ) * 0.2 ) );margin-right: 0px;\"><span class=\"fusion-column-inner-bg hover-type-none\"><a class=\"fusion-column-anchor\" href=\"\/en\/products\/banknotes\/\"><span class=\"fusion-column-inner-bg-image\"><\/span><\/a><\/span><div class=\"fusion-column-wrapper fusion-flex-column-wrapper-legacy\"><div class=\"fusion-image-element fusion-image-align-center in-legacy-container\" style=\"text-align:center;--awb-caption-title-font-family:var(--h2_typography-font-family);--awb-caption-title-font-weight:var(--h2_typography-font-weight);--awb-caption-title-font-style:var(--h2_typography-font-style);--awb-caption-title-size:var(--h2_typography-font-size);--awb-caption-title-transform:var(--h2_typography-text-transform);--awb-caption-title-line-height:var(--h2_typography-line-height);--awb-caption-title-letter-spacing:var(--h2_typography-letter-spacing);\"><div class=\"imageframe-align-center\"><span class=\" fusion-imageframe imageframe-none imageframe-1 hover-type-none\"><img decoding=\"async\" width=\"500\" height=\"500\" title=\"gridBankovky\" src=\"http:\/\/stc.cz\/wp-content\/uploads\/2016\/11\/gridBankovky.jpg\" alt=\"Products\" class=\"img-responsive wp-image-21084\" srcset=\"https:\/\/stc.cz\/wp-content\/uploads\/2016\/11\/gridBankovky-200x200.jpg 200w, https:\/\/stc.cz\/wp-content\/uploads\/2016\/11\/gridBankovky-400x400.jpg 400w, https:\/\/stc.cz\/wp-content\/uploads\/2016\/11\/gridBankovky.jpg 500w\" sizes=\"(max-width: 1024px) 100vw, 400px\" \/><\/span><\/div><\/div><div class=\"description\">\n<h2 class=\"_3dTitle barvabankovky2\" data-fontsize=\"30\" data-lineheight=\"32\">BANKNOTES<\/h2>\n<div class=\"_3dContent\">Since 1928, the printing of banknotes has been a special part of the production here at STC. We are also proud to have received quite a few prestigious international awards in this area.<\/div>\n<\/div><div class=\"fusion-clearfix\"><\/div><\/div><\/div><div class=\"fusion-layout-column fusion_builder_column fusion-builder-column-2 fusion_builder_column_1_5 1_5 fusion-one-fifth _3dElement fusion-column-inner-bg-wrapper\" style=\"--awb-inner-bg-size:cover;--awb-margin-bottom:0px;width:20%;width:calc(20% - ( ( 0px + 0px + 0px + 0px ) * 0.2 ) );margin-right: 0px;\"><span class=\"fusion-column-inner-bg hover-type-none\"><a class=\"fusion-column-anchor\" href=\"\/en\/products\/identification-documents\/\"><span class=\"fusion-column-inner-bg-image\"><\/span><\/a><\/span><div class=\"fusion-column-wrapper fusion-flex-column-wrapper-legacy\"><div class=\"fusion-image-element fusion-image-align-center in-legacy-container\" style=\"text-align:center;--awb-caption-title-font-family:var(--h2_typography-font-family);--awb-caption-title-font-weight:var(--h2_typography-font-weight);--awb-caption-title-font-style:var(--h2_typography-font-style);--awb-caption-title-size:var(--h2_typography-font-size);--awb-caption-title-transform:var(--h2_typography-text-transform);--awb-caption-title-line-height:var(--h2_typography-line-height);--awb-caption-title-letter-spacing:var(--h2_typography-letter-spacing);\"><div class=\"imageframe-align-center\"><span class=\" fusion-imageframe imageframe-none imageframe-2 hover-type-none\"><img decoding=\"async\" width=\"500\" height=\"500\" title=\"gridDoklady\" src=\"http:\/\/stc.cz\/wp-content\/uploads\/2016\/11\/gridDoklady.jpg\" alt=\"Products\" class=\"img-responsive wp-image-21086\" srcset=\"https:\/\/stc.cz\/wp-content\/uploads\/2016\/11\/gridDoklady-200x200.jpg 200w, https:\/\/stc.cz\/wp-content\/uploads\/2016\/11\/gridDoklady-400x400.jpg 400w, https:\/\/stc.cz\/wp-content\/uploads\/2016\/11\/gridDoklady.jpg 500w\" sizes=\"(max-width: 1024px) 100vw, 400px\" \/><\/span><\/div><\/div><div class=\"description\">\n<h2 class=\"_3dTitle barvadoklady2\" data-fontsize=\"30\" data-lineheight=\"32\">ID DOCUMENTS<\/h2>\n<div class=\"_3dContent\">Documents rank among our flagship products. These are namely personal IDs, passports, driving licences and documents used in the public administration, etc.<\/div>\n<\/div><div class=\"fusion-clearfix\"><\/div><\/div><\/div><div class=\"fusion-layout-column fusion_builder_column fusion-builder-column-3 fusion_builder_column_1_5 1_5 fusion-one-fifth _3dElement fusion-column-inner-bg-wrapper\" style=\"--awb-inner-bg-size:cover;--awb-margin-bottom:0px;width:20%;width:calc(20% - ( ( 0px + 0px + 0px + 0px ) * 0.2 ) );margin-right: 0px;\"><span class=\"fusion-column-inner-bg hover-type-none\"><a class=\"fusion-column-anchor\" href=\"\/en\/products\/securities\/\"><span class=\"fusion-column-inner-bg-image\"><\/span><\/a><\/span><div class=\"fusion-column-wrapper fusion-flex-column-wrapper-legacy\"><div class=\"fusion-image-element fusion-image-align-center in-legacy-container\" style=\"text-align:center;--awb-caption-title-font-family:var(--h2_typography-font-family);--awb-caption-title-font-weight:var(--h2_typography-font-weight);--awb-caption-title-font-style:var(--h2_typography-font-style);--awb-caption-title-size:var(--h2_typography-font-size);--awb-caption-title-transform:var(--h2_typography-text-transform);--awb-caption-title-line-height:var(--h2_typography-line-height);--awb-caption-title-letter-spacing:var(--h2_typography-letter-spacing);\"><div class=\"imageframe-align-center\"><span class=\" fusion-imageframe imageframe-none imageframe-3 hover-type-none\"><img decoding=\"async\" width=\"500\" height=\"500\" alt=\"cenn\u00e9 pap\u00edry\" title=\"gridCennePapiry\" src=\"http:\/\/stc.cz\/wp-content\/uploads\/2016\/11\/gridCennePapiry.jpg\" class=\"img-responsive wp-image-21085\" srcset=\"https:\/\/stc.cz\/wp-content\/uploads\/2016\/11\/gridCennePapiry-200x200.jpg 200w, https:\/\/stc.cz\/wp-content\/uploads\/2016\/11\/gridCennePapiry-400x400.jpg 400w, https:\/\/stc.cz\/wp-content\/uploads\/2016\/11\/gridCennePapiry.jpg 500w\" sizes=\"(max-width: 1024px) 100vw, 400px\" \/><\/span><\/div><\/div><div class=\"description\">\n<h2 class=\"_3dTitle barvapapiry2\" data-fontsize=\"30\" data-lineheight=\"32\">SECURITIES<\/h2>\n<div class=\"_3dContent\">For these types of security printed items, we always focus on the aesthetic acceptability, cost effective production, lifespan and relevant protection against forgery and counterfeiting.<\/div>\n<\/div><div class=\"fusion-clearfix\"><\/div><\/div><\/div><div class=\"fusion-layout-column fusion_builder_column fusion-builder-column-4 fusion_builder_column_1_5 1_5 fusion-one-fifth _3dElement fusion-column-inner-bg-wrapper\" style=\"--awb-inner-bg-size:cover;--awb-margin-bottom:0px;width:20%;width:calc(20% - ( ( 0px + 0px + 0px + 0px ) * 0.2 ) );margin-right: 0px;\"><span class=\"fusion-column-inner-bg hover-type-none\"><a class=\"fusion-column-anchor\" href=\"\/en\/products\/plastic-cards\/\"><span class=\"fusion-column-inner-bg-image\"><\/span><\/a><\/span><div class=\"fusion-column-wrapper fusion-flex-column-wrapper-legacy\"><div class=\"fusion-image-element fusion-image-align-center in-legacy-container\" style=\"text-align:center;--awb-caption-title-font-family:var(--h2_typography-font-family);--awb-caption-title-font-weight:var(--h2_typography-font-weight);--awb-caption-title-font-style:var(--h2_typography-font-style);--awb-caption-title-size:var(--h2_typography-font-size);--awb-caption-title-transform:var(--h2_typography-text-transform);--awb-caption-title-line-height:var(--h2_typography-line-height);--awb-caption-title-letter-spacing:var(--h2_typography-letter-spacing);\"><div class=\"imageframe-align-center\"><span class=\" fusion-imageframe imageframe-none imageframe-4 hover-type-none\"><img decoding=\"async\" width=\"500\" height=\"500\" src=\"http:\/\/stc.cz\/wp-content\/uploads\/2016\/11\/gridKarty.jpg\" alt=\"Products\" class=\"img-responsive wp-image-21221\" srcset=\"https:\/\/stc.cz\/wp-content\/uploads\/2016\/11\/gridKarty-200x200.jpg 200w, https:\/\/stc.cz\/wp-content\/uploads\/2016\/11\/gridKarty-400x400.jpg 400w, https:\/\/stc.cz\/wp-content\/uploads\/2016\/11\/gridKarty.jpg 500w\" sizes=\"(max-width: 1024px) 100vw, 400px\" \/><\/span><\/div><\/div><div class=\"description\">\n<h2 class=\"_3dTitle barvakarty2\" data-fontsize=\"30\" data-lineheight=\"32\">PLASTIC CARDS<\/h2>\n<div class=\"_3dContent\">We offer cards made of various materials, with contact or contactless chips, with a wide range of security features in both \u2013 the used materials as well as the design.<\/div>\n<\/div><div class=\"fusion-clearfix\"><\/div><\/div><\/div><div class=\"fusion-layout-column fusion_builder_column fusion-builder-column-5 fusion_builder_column_1_5 1_5 fusion-one-fifth fusion-column-last _3dElement fusion-column-inner-bg-wrapper\" style=\"--awb-inner-bg-size:cover;--awb-margin-bottom:0px;width:20%;width:calc(20% - ( ( 0px + 0px + 0px + 0px ) * 0.2 ) );\"><span class=\"fusion-column-inner-bg hover-type-none\"><a class=\"fusion-column-anchor\" href=\"\/en\/products\/other-security-printed-items\/\"><span class=\"fusion-column-inner-bg-image\"><\/span><\/a><\/span><div class=\"fusion-column-wrapper fusion-flex-column-wrapper-legacy\"><div class=\"fusion-image-element fusion-image-align-center in-legacy-container\" style=\"text-align:center;--awb-caption-title-font-family:var(--h2_typography-font-family);--awb-caption-title-font-weight:var(--h2_typography-font-weight);--awb-caption-title-font-style:var(--h2_typography-font-style);--awb-caption-title-size:var(--h2_typography-font-size);--awb-caption-title-transform:var(--h2_typography-text-transform);--awb-caption-title-line-height:var(--h2_typography-line-height);--awb-caption-title-letter-spacing:var(--h2_typography-letter-spacing);\"><div class=\"imageframe-align-center\"><span class=\" fusion-imageframe imageframe-none imageframe-5 hover-type-none\"><img decoding=\"async\" width=\"300\" height=\"300\" title=\"ceniny-dlazdice\" src=\"https:\/\/stc.cz\/wp-content\/uploads\/2021\/03\/ceniny-dlazdice.jpg\" alt=\"Products\" class=\"img-responsive wp-image-21597\" srcset=\"https:\/\/stc.cz\/wp-content\/uploads\/2021\/03\/ceniny-dlazdice-200x200.jpg 200w, https:\/\/stc.cz\/wp-content\/uploads\/2021\/03\/ceniny-dlazdice.jpg 300w\" sizes=\"(max-width: 1024px) 100vw, 300px\" \/><\/span><\/div><\/div><div class=\"description\">\n<h2 class=\"_3dTitle barvaceniny2\" data-fontsize=\"30\" data-lineheight=\"32\">OTHER SECURITY PRINTED ITEMS<\/h2>\n<div class=\"_3dContent\">We design and produce conventional types of security printed items in paper form as well as in the form of ID-1 type plastic cards with a personalisation option.<\/div>\n<\/div><div class=\"fusion-clearfix\"><\/div><\/div><\/div><div class=\"fusion-layout-column fusion_builder_column fusion-builder-column-6 fusion_builder_column_1_5 1_5 fusion-one-fifth fusion-column-first _3dElement fusion-column-inner-bg-wrapper\" style=\"--awb-inner-bg-size:cover;--awb-margin-bottom:0px;width:20%;width:calc(20% - ( ( 0px ) * 0.2 ) );margin-right: 0px;\"><span class=\"fusion-column-inner-bg hover-type-none\"><a class=\"fusion-column-anchor\" href=\"\/en\/products\/scratch-cards\/\"><span class=\"fusion-column-inner-bg-image\"><\/span><\/a><\/span><div class=\"fusion-column-wrapper fusion-flex-column-wrapper-legacy\"><div class=\"fusion-image-element fusion-image-align-center in-legacy-container\" style=\"text-align:center;--awb-caption-title-font-family:var(--h2_typography-font-family);--awb-caption-title-font-weight:var(--h2_typography-font-weight);--awb-caption-title-font-style:var(--h2_typography-font-style);--awb-caption-title-size:var(--h2_typography-font-size);--awb-caption-title-transform:var(--h2_typography-text-transform);--awb-caption-title-line-height:var(--h2_typography-line-height);--awb-caption-title-letter-spacing:var(--h2_typography-letter-spacing);\"><div class=\"imageframe-align-center\"><span class=\" fusion-imageframe imageframe-none imageframe-6 hover-type-none\"><img decoding=\"async\" width=\"400\" height=\"400\" alt=\"st\u00edrac\u00ed losy\" title=\"stiraci-losy-dlazdice\" src=\"https:\/\/stc.cz\/wp-content\/uploads\/2021\/03\/stiraci-losy-dlazdice.jpg\" class=\"img-responsive wp-image-21592\" srcset=\"https:\/\/stc.cz\/wp-content\/uploads\/2021\/03\/stiraci-losy-dlazdice-200x200.jpg 200w, https:\/\/stc.cz\/wp-content\/uploads\/2021\/03\/stiraci-losy-dlazdice.jpg 400w\" sizes=\"(max-width: 1024px) 100vw, 400px\" \/><\/span><\/div><\/div><div class=\"description\">\n<h2 class=\"_3dTitle barvalosy2\" data-fontsize=\"30\" data-lineheight=\"32\">SCRATCH CARDS<\/h2>\n<div class=\"_3dContent\">We offer games with scratch fields with a high degree of security in small and large series. Our scratch card production technology has been verified by a forensic expert.<\/div>\n<\/div><div class=\"fusion-clearfix\"><\/div><\/div><\/div><div class=\"fusion-layout-column fusion_builder_column fusion-builder-column-7 fusion_builder_column_1_5 1_5 fusion-one-fifth fusion-column-last _3dElement fusion-column-inner-bg-wrapper\" style=\"--awb-inner-bg-size:cover;--awb-margin-bottom:0px;width:20%;width:calc(20% - ( ( 0px ) * 0.2 ) );\"><span class=\"fusion-column-inner-bg hover-type-none\"><a class=\"fusion-column-anchor\" href=\"\/en\/products\/product-track-trace\/\"><span class=\"fusion-column-inner-bg-image\"><\/span><\/a><\/span><div class=\"fusion-column-wrapper fusion-flex-column-wrapper-legacy\"><div class=\"fusion-image-element fusion-image-align-center in-legacy-container\" style=\"text-align:center;--awb-caption-title-font-family:var(--h2_typography-font-family);--awb-caption-title-font-weight:var(--h2_typography-font-weight);--awb-caption-title-font-style:var(--h2_typography-font-style);--awb-caption-title-size:var(--h2_typography-font-size);--awb-caption-title-transform:var(--h2_typography-text-transform);--awb-caption-title-line-height:var(--h2_typography-line-height);--awb-caption-title-letter-spacing:var(--h2_typography-letter-spacing);\"><div class=\"imageframe-align-center\"><span class=\" fusion-imageframe imageframe-none imageframe-7 hover-type-none\"><img decoding=\"async\" width=\"400\" height=\"400\" src=\"https:\/\/stc.cz\/wp-content\/uploads\/2016\/11\/gridAktuality.jpg\" alt=\"Products\" class=\"img-responsive wp-image-21363\" srcset=\"https:\/\/stc.cz\/wp-content\/uploads\/2016\/11\/gridAktuality-200x200.jpg 200w, https:\/\/stc.cz\/wp-content\/uploads\/2016\/11\/gridAktuality.jpg 400w\" sizes=\"(max-width: 1024px) 100vw, 400px\" \/><\/span><\/div><\/div><div class=\"description\">\n<h2 class=\"_3dTitle nadbisboxtt2\" data-fontsize=\"30\" data-lineheight=\"32\">Track&Trace<\/h2>\n<div class=\"_3dContent\">STC was appointed the issuer of the unique identifier in accordance with Commission Implementing Regulation (EU) 2018\/574 on technical standards for the establishment and operation of a traceability system for tobacco products.<\/div>\n<\/div><div class=\"fusion-clearfix\"><\/div><\/div><\/div><\/div><\/div><div class=\"fusion-fullwidth fullwidth-box fusion-builder-row-2 nonhundred-percent-fullwidth non-hundred-percent-height-scrolling\" style=\"--awb-border-radius-top-left:0px;--awb-border-radius-top-right:0px;--awb-border-radius-bottom-right:0px;--awb-border-radius-bottom-left:0px;--awb-padding-top:0px;--awb-padding-bottom:0px;--awb-flex-wrap:wrap;\" ><div class=\"fusion-builder-row fusion-row\"><div class=\"fusion-layout-column fusion_builder_column fusion-builder-column-8 fusion_builder_column_1_1 1_1 fusion-one-full fusion-column-first fusion-column-last\" style=\"--awb-bg-size:cover;--awb-margin-bottom:0px;\"><div class=\"fusion-column-wrapper fusion-flex-column-wrapper-legacy\"><div class=\"fusion-section-separator section-separator triangle fusion-section-separator-1\" style=\"--awb-border-bottom:1px solid #ffffff;--awb-spacer-height:1px;--awb-svg-margin-left:0;--awb-svg-margin-right:0;--awb-icon-color:#ffffff;\"><div class=\"fusion-section-separator-svg\"><div class=\"divider-candy-arrow bottom\" style=\"top:0px;border-top-color: #ffffff;\"><\/div><div class=\"divider-candy bottom\" style=\"bottom:-21px;border-bottom:1px solid #ffffff;border-left:1px solid #ffffff;\"><\/div><\/div><div class=\"fusion-section-separator-spacer\"><div class=\"fusion-section-separator-spacer-height\"><\/div><\/div><\/div><div class=\"fusion-clearfix\"><\/div><\/div><\/div><\/div><\/div><div class=\"fusion-fullwidth fullwidth-box fusion-builder-row-3 fusion-parallax-none spodnielement nonhundred-percent-fullwidth non-hundred-percent-height-scrolling\" style=\"--awb-border-radius-top-left:0px;--awb-border-radius-top-right:0px;--awb-border-radius-bottom-right:0px;--awb-border-radius-bottom-left:0px;--awb-padding-top:200px;--awb-padding-bottom:200px;--awb-background-image:url(&quot;http:\/\/avada.theme-fusion.com\/science\/wp-content\/uploads\/sites\/79\/2016\/11\/CTA_background.jpg&quot;);--awb-background-size:cover;--awb-flex-wrap:wrap;\" ><div class=\"fusion-builder-row fusion-row\"><div class=\"fusion-layout-column fusion_builder_column fusion-builder-column-9 fusion_builder_column_1_1 1_1 fusion-one-full fusion-column-first fusion-column-last\" style=\"--awb-bg-size:cover;--awb-margin-bottom:0px;\"><div class=\"fusion-column-wrapper fusion-flex-column-wrapper-legacy\"><div class=\"fusion-text fusion-text-2\"><h2 style=\"text-align: center; color: #fff; font-size: 60px;\">90 YEARS WITH YOU<\/h2>\n<\/div><div class=\"fusion-text fusion-text-3\"><p style=\"text-align: center; color: #fff; font-size: 25px; line-height: 48px;\">Banknotes, documents, securities, plastic cards, other security printed materials.<\/p>\n<\/div><div class=\"fusion-sep-clear\"><\/div><div class=\"fusion-separator fusion-full-width-sep\" style=\"margin-left: auto;margin-right: auto;margin-top:20px;width:100%;\"><\/div><div class=\"fusion-sep-clear\"><\/div><div class=\"fusion-aligncenter\"><a class=\"fusion-button button-flat button-xlarge button-custom fusion-button-default button-1 fusion-button-default-span fusion-button-default-type\" style=\"--button_accent_color:var(--awb-color1);--button_accent_hover_color:var(--awb-color1);--button_border_hover_color:var(--awb-color1);--button_border_width-top:1px;--button_border_width-right:1px;--button_border_width-bottom:1px;--button_border_width-left:1px;--button_gradient_top_color:rgba(76,81,102,0);--button_gradient_bottom_color:rgba(76,81,102,0);--button_gradient_top_color_hover:#60664c;--button_gradient_bottom_color_hover:#60664c;\" target=\"_self\" href=\"\/en\/contact\/\"><span class=\"fusion-button-text\">Contact<\/span><\/a><\/div><div class=\"fusion-clearfix\"><\/div><\/div><\/div><\/div><\/div><\/p>\n","protected":false},"excerpt":{"rendered":"","protected":false},"author":8,"featured_media":0,"parent":0,"menu_order":0,"comment_status":"closed","ping_status":"closed","template":"100-width.php","meta":{"footnotes":""},"class_list":["post-18001","page","type-page","status-publish","hentry"],"yoast_head":"<!-- This site is optimized with the Yoast SEO plugin v24.4 - https:\/\/yoast.com\/wordpress\/plugins\/seo\/ -->\n<title>- St\u00e1tn\u00ed tisk\u00e1rna cenin<\/title>\n<meta name=\"robots\" content=\"index, follow, max-snippet:-1, max-image-preview:large, max-video-preview:-1\" \/>\n<link rel=\"canonical\" href=\"https:\/\/stc.cz\/en\/products-xx\/\" \/>\n<meta property=\"og:locale\" content=\"en_US\" \/>\n<meta property=\"og:type\" content=\"article\" \/>\n<meta property=\"og:title\" content=\"- St\u00e1tn\u00ed tisk\u00e1rna cenin\" \/>\n<meta property=\"og:url\" content=\"https:\/\/stc.cz\/en\/products-xx\/\" \/>\n<meta property=\"og:site_name\" content=\"St\u00e1tn\u00ed tisk\u00e1rna cenin\" \/>\n<meta property=\"article:modified_time\" content=\"2021-03-19T17:13:42+00:00\" \/>\n<meta property=\"og:image\" content=\"https:\/\/stc.cz\/wp-content\/uploads\/2023\/03\/NOVE_LOGO_STC_ukazka.jpg\" \/>\n\t<meta property=\"og:image:width\" content=\"1018\" \/>\n\t<meta property=\"og:image:height\" content=\"720\" \/>\n\t<meta property=\"og:image:type\" content=\"image\/jpeg\" \/>\n<meta name=\"twitter:card\" content=\"summary_large_image\" \/>\n<meta name=\"twitter:label1\" content=\"Est. reading time\" \/>\n\t<meta name=\"twitter:data1\" content=\"10 minutes\" \/>\n<script type=\"application\/ld+json\" class=\"yoast-schema-graph\">{\"@context\":\"https:\/\/schema.org\",\"@graph\":[{\"@type\":\"WebPage\",\"@id\":\"https:\/\/stc.cz\/en\/products-xx\/\",\"url\":\"https:\/\/stc.cz\/en\/products-xx\/\",\"name\":\"- St\u00e1tn\u00ed tisk\u00e1rna cenin\",\"isPartOf\":{\"@id\":\"https:\/\/stc.cz\/#website\"},\"datePublished\":\"2021-03-19T17:13:19+00:00\",\"dateModified\":\"2021-03-19T17:13:42+00:00\",\"inLanguage\":\"en-US\",\"potentialAction\":[{\"@type\":\"ReadAction\",\"target\":[\"https:\/\/stc.cz\/en\/products-xx\/\"]}]},{\"@type\":\"WebSite\",\"@id\":\"https:\/\/stc.cz\/#website\",\"url\":\"https:\/\/stc.cz\/\",\"name\":\"St\u00e1tn\u00ed tisk\u00e1rna cenin\",\"description\":\"\",\"publisher\":{\"@id\":\"https:\/\/stc.cz\/#organization\"},\"alternateName\":\"V\u00edce ne\u017e 95 let nab\u00edz\u00edme sv\u00fdm z\u00e1kazn\u00edk\u016fm v\u00fdrobu polygrafick\u00fdch produkt\u016f s ceninov\u00fdmi ochrann\u00fdmi prvky v provozu vybaven\u00e9m nejmodern\u011bj\u0161\u00edmi technologiemi a bezpe\u010dnostn\u00edmi syst\u00e9my.\",\"potentialAction\":[{\"@type\":\"SearchAction\",\"target\":{\"@type\":\"EntryPoint\",\"urlTemplate\":\"https:\/\/stc.cz\/?s={search_term_string}\"},\"query-input\":{\"@type\":\"PropertyValueSpecification\",\"valueRequired\":true,\"valueName\":\"search_term_string\"}}],\"inLanguage\":\"en-US\"},{\"@type\":\"Organization\",\"@id\":\"https:\/\/stc.cz\/#organization\",\"name\":\"St\u00e1tn\u00ed tisk\u00e1rna cenin\",\"url\":\"https:\/\/stc.cz\/\",\"logo\":{\"@type\":\"ImageObject\",\"inLanguage\":\"en-US\",\"@id\":\"https:\/\/stc.cz\/#\/schema\/logo\/image\/\",\"url\":\"https:\/\/stc.cz\/wp-content\/uploads\/2023\/03\/NOVE_LOGO_STC.jpg\",\"contentUrl\":\"https:\/\/stc.cz\/wp-content\/uploads\/2023\/03\/NOVE_LOGO_STC.jpg\",\"width\":1280,\"height\":720,\"caption\":\"St\u00e1tn\u00ed tisk\u00e1rna cenin\"},\"image\":{\"@id\":\"https:\/\/stc.cz\/#\/schema\/logo\/image\/\"}}]}<\/script>\n<!-- \/ Yoast SEO plugin. -->","yoast_head_json":{"title":"- St\u00e1tn\u00ed tisk\u00e1rna cenin","robots":{"index":"index","follow":"follow","max-snippet":"max-snippet:-1","max-image-preview":"max-image-preview:large","max-video-preview":"max-video-preview:-1"},"canonical":"https:\/\/stc.cz\/en\/products-xx\/","og_locale":"en_US","og_type":"article","og_title":"- St\u00e1tn\u00ed tisk\u00e1rna cenin","og_url":"https:\/\/stc.cz\/en\/products-xx\/","og_site_name":"St\u00e1tn\u00ed tisk\u00e1rna cenin","article_modified_time":"2021-03-19T17:13:42+00:00","og_image":[{"width":1018,"height":720,"url":"https:\/\/stc.cz\/wp-content\/uploads\/2023\/03\/NOVE_LOGO_STC_ukazka.jpg","type":"image\/jpeg"}],"twitter_card":"summary_large_image","twitter_misc":{"Est. reading time":"10 minutes"},"schema":{"@context":"https:\/\/schema.org","@graph":[{"@type":"WebPage","@id":"https:\/\/stc.cz\/en\/products-xx\/","url":"https:\/\/stc.cz\/en\/products-xx\/","name":"- St\u00e1tn\u00ed tisk\u00e1rna cenin","isPartOf":{"@id":"https:\/\/stc.cz\/#website"},"datePublished":"2021-03-19T17:13:19+00:00","dateModified":"2021-03-19T17:13:42+00:00","inLanguage":"en-US","potentialAction":[{"@type":"ReadAction","target":["https:\/\/stc.cz\/en\/products-xx\/"]}]},{"@type":"WebSite","@id":"https:\/\/stc.cz\/#website","url":"https:\/\/stc.cz\/","name":"St\u00e1tn\u00ed tisk\u00e1rna cenin","description":"","publisher":{"@id":"https:\/\/stc.cz\/#organization"},"alternateName":"V\u00edce ne\u017e 95 let nab\u00edz\u00edme sv\u00fdm z\u00e1kazn\u00edk\u016fm v\u00fdrobu polygrafick\u00fdch produkt\u016f s ceninov\u00fdmi ochrann\u00fdmi prvky v provozu vybaven\u00e9m nejmodern\u011bj\u0161\u00edmi technologiemi a bezpe\u010dnostn\u00edmi syst\u00e9my.","potentialAction":[{"@type":"SearchAction","target":{"@type":"EntryPoint","urlTemplate":"https:\/\/stc.cz\/?s={search_term_string}"},"query-input":{"@type":"PropertyValueSpecification","valueRequired":true,"valueName":"search_term_string"}}],"inLanguage":"en-US"},{"@type":"Organization","@id":"https:\/\/stc.cz\/#organization","name":"St\u00e1tn\u00ed tisk\u00e1rna cenin","url":"https:\/\/stc.cz\/","logo":{"@type":"ImageObject","inLanguage":"en-US","@id":"https:\/\/stc.cz\/#\/schema\/logo\/image\/","url":"https:\/\/stc.cz\/wp-content\/uploads\/2023\/03\/NOVE_LOGO_STC.jpg","contentUrl":"https:\/\/stc.cz\/wp-content\/uploads\/2023\/03\/NOVE_LOGO_STC.jpg","width":1280,"height":720,"caption":"St\u00e1tn\u00ed tisk\u00e1rna cenin"},"image":{"@id":"https:\/\/stc.cz\/#\/schema\/logo\/image\/"}}]}},"_links":{"self":[{"href":"https:\/\/stc.cz\/en\/wp-json\/wp\/v2\/pages\/18001","targetHints":{"allow":["GET"]}}],"collection":[{"href":"https:\/\/stc.cz\/en\/wp-json\/wp\/v2\/pages"}],"about":[{"href":"https:\/\/stc.cz\/en\/wp-json\/wp\/v2\/types\/page"}],"author":[{"embeddable":true,"href":"https:\/\/stc.cz\/en\/wp-json\/wp\/v2\/users\/8"}],"replies":[{"embeddable":true,"href":"https:\/\/stc.cz\/en\/wp-json\/wp\/v2\/comments?post=18001"}],"version-history":[{"count":2,"href":"https:\/\/stc.cz\/en\/wp-json\/wp\/v2\/pages\/18001\/revisions"}],"predecessor-version":[{"id":18046,"href":"https:\/\/stc.cz\/en\/wp-json\/wp\/v2\/pages\/18001\/revisions\/18046"}],"wp:attachment":[{"href":"https:\/\/stc.cz\/en\/wp-json\/wp\/v2\/media?parent=18001"}],"curies":[{"name":"wp","href":"https:\/\/api.w.org\/{rel}","templated":true}]}}