{"id":16224,"date":"2019-03-06T14:14:18","date_gmt":"2019-03-06T13:14:18","guid":{"rendered":"https:\/\/stc.cz\/products\/produkt-track-trace\/"},"modified":"2024-05-02T18:20:36","modified_gmt":"2024-05-02T16:20:36","slug":"product-track-trace","status":"publish","type":"page","link":"https:\/\/stc.cz\/en\/products\/product-track-trace\/","title":{"rendered":"Track&#038;Trace"},"content":{"rendered":"<p><div class=\"fusion-fullwidth fullwidth-box fusion-builder-row-1 nonhundred-percent-fullwidth non-hundred-percent-height-scrolling fusion-equal-height-columns\" style=\"--awb-border-radius-top-left:0px;--awb-border-radius-top-right:0px;--awb-border-radius-bottom-right:0px;--awb-border-radius-bottom-left:0px;--awb-padding-top:120px;--awb-padding-bottom:20px;--awb-background-color:#f8f8f8;--awb-flex-wrap:wrap;\" ><div class=\"fusion-builder-row fusion-row\"><div class=\"fusion-layout-column fusion_builder_column fusion-builder-column-0 fusion_builder_column_1_2 1_2 fusion-one-half fusion-column-first\" style=\"--awb-bg-size:cover;--awb-margin-bottom:60px;width:50%;width:calc(50% - ( ( 4% ) * 0.5 ) );margin-right: 4%;\"><div class=\"fusion-column-wrapper fusion-flex-column-wrapper-legacy\"><div class=\"fusion-column-content-centered\"><div class=\"fusion-column-content\"><div class=\"fusion-text fusion-text-1\"><h2>Track&amp;Trace<\/h2>\n<\/div><div class=\"fusion-sep-clear\"><\/div><div class=\"fusion-separator fusion-clearfix\" style=\"float:left;margin-bottom:30px;width:100%;max-width:100px;\"><div class=\"fusion-separator-border sep-single sep-solid\" style=\"--awb-height:20px;--awb-amount:20px;--awb-sep-color:#00979e;border-color:#00979e;border-top-width:2px;\"><\/div><\/div><div class=\"fusion-sep-clear\"><\/div><div class=\"fusion-text fusion-text-2\"><p>Digit\u00e1ln\u00ed zna\u010den\u00ed v\u00fdrobku p\u0159edstavuje aplikaci digit\u00e1ln\u00edho k\u00f3du na&nbsp;obal v\u00fdrobku v&nbsp;pr\u016fb\u011bhu jeho v\u00fdroby. Digit\u00e1ln\u00ed k\u00f3d je jedine\u010dn\u00fd pro&nbsp;dan\u00fd v\u00fdrobek a&nbsp;obsahuje zabezpe\u010den\u00ed proti pad\u011bl\u00e1n\u00ed. Spot\u0159ebitel nebo kontroln\u00ed org\u00e1n m\u00e1 mo\u017enost odhalit pomoc\u00ed digit\u00e1ln\u00edho k\u00f3du aplikovan\u00e9ho na&nbsp;obalu produktu cestu v\u00fdrobku v&nbsp;cel\u00e9m dodavatelsk\u00e9m \u0159et\u011bzci (nap\u0159. m\u00edsto a&nbsp;\u010das v\u00fdroby, pro&nbsp;kterou zemi je v\u00fdrobek ur\u010den, trasa p\u0159epravy, prvn\u00ed maloobchodn\u00ed prodejce atd.)<\/p>\n<p><strong>C\u00edle:<\/strong><\/p>\n<ul>\n<li>zv\u00fd\u0161en\u00ed informovanosti spot\u0159ebitele o&nbsp;pravosti a&nbsp;p\u016fvodu v\u00fdrobku,<\/li>\n<li>minimalizace prostoru pro&nbsp;\u010dern\u00fd trh zdokonalen\u00edm zna\u010den\u00ed v\u00fdrobk\u016f, monitorov\u00e1n\u00edm objem\u016f v\u00fdroby, kontrolou pohybu zbo\u017e\u00ed v&nbsp;r\u00e1mci cel\u00e9ho dodavatelsko\/odb\u011bratelsk\u00e9ho \u0159et\u011bzce.<\/li>\n<\/ul>\n<p><strong>Digit\u00e1ln\u00ed zna\u010den\u00ed ve&nbsp;spojen\u00ed s&nbsp;Track&amp;Trace syst\u00e9mem zaji\u0161\u0165uje:<\/strong><\/p>\n<ul>\n<li>garanci p\u016fvodu a&nbsp;kvality vlastn\u00edch v\u00fdrobk\u016f pro&nbsp;dom\u00e1c\u00ed i&nbsp;zahrani\u010dn\u00ed odb\u011bratele a&nbsp;spot\u0159ebitele,<\/li>\n<li>zv\u00fd\u0161en\u00ed ochrany v\u00fdrobk\u016f, zt\u00ed\u017een\u00ed podm\u00ednek pro&nbsp;pad\u011blatele,<\/li>\n<li>zv\u00fd\u0161en\u00ed kontroly pohybu jednotliv\u00fdch v\u00fdrobk\u016f na&nbsp;c\u00edlov\u00fdch trz\u00edch,<\/li>\n<li>zjednodu\u0161en\u00ed stahov\u00e1n\u00ed informac\u00ed o&nbsp;prodeji konkr\u00e9tn\u00edho v\u00fdrobku,<\/li>\n<li>p\u0159\u00edstup k&nbsp;ve\u0159ejn\u011b dostupn\u00e9 slu\u017eb\u011b pro&nbsp;prok\u00e1z\u00e1n\u00ed p\u016fvodu a&nbsp;kvality zbo\u017e\u00ed.<\/li>\n<\/ul>\n<p>STC i&nbsp;nad\u00e1le poskytuje komplexn\u00ed slu\u017eby v&nbsp;oblasti ceninov\u00e9 a&nbsp;neceninov\u00e9 polygrafick\u00e9 v\u00fdroby. Sleduje sou\u010dasn\u00e9 trendy trhu a&nbsp;intenzivn\u011b se v\u011bnuje inovaci st\u00e1vaj\u00edc\u00edch a&nbsp;v\u00fdvoji nov\u00fdch produkt\u016f. Track&amp;Trace je jedn\u00edm z&nbsp;nich.<\/p>\n<\/div><div class=\"fusion-sep-clear\"><\/div><div class=\"fusion-separator fusion-full-width-sep\" style=\"margin-left: auto;margin-right: auto;margin-bottom:20px;width:100%;\"><\/div><div class=\"fusion-sep-clear\"><\/div><div class=\"fusion-button-wrapper\"><a class=\"fusion-button button-flat fusion-button-default-size button-default fusion-button-default button-1 fusion-button-default-span fusion-button-default-type tlacitkotrack\" target=\"_self\" href=\"https:\/\/stc.cz\/en\/products\/track-trace\/\"><span class=\"fusion-button-text\">Pro v\u00edce informac\u00ed nav\u0161tivte n\u00e1\u0161 web Track&amp;Trace<\/span><\/a><\/div><\/div><\/div><div class=\"fusion-clearfix\"><\/div><\/div><\/div><div class=\"fusion-layout-column fusion_builder_column fusion-builder-column-1 fusion_builder_column_1_2 1_2 fusion-one-half fusion-column-last pozaditrack fusion-no-small-visibility\" style=\"--awb-padding-left:8%;--awb-bg-image:url(&#039;https:\/\/stc.cz\/wp-content\/uploads\/2019\/03\/motiv-tabak-mensi.png&#039;);--awb-bg-size:cover;--awb-margin-bottom:0px;width:50%;width:calc(50% - ( ( 4% ) * 0.5 ) );\"><div class=\"fusion-column-wrapper fusion-flex-column-wrapper-legacy fusion-empty-column-bg-image fusion-column-has-bg-image\" data-bg-url=\"https:\/\/stc.cz\/wp-content\/uploads\/2019\/03\/motiv-tabak-mensi.png\"><div class=\"fusion-column-content-centered\"><div class=\"fusion-column-content\"><img decoding=\"async\" class=\"fusion-empty-dims-img-placeholder fusion-no-large-visibility\" src=\"data:image\/svg+xml,%3Csvg%20xmlns%3D%27http%3A%2F%2Fwww.w3.org%2F2000%2Fsvg%27%20width%3D%27500%27%20height%3D%27465%27%20viewBox%3D%270%200%20500%20465%27%3E%3Crect%20width%3D%27500%27%20height%3D%27465%27%20fill-opacity%3D%220%22%2F%3E%3C%2Fsvg%3E\"><\/div><\/div><div class=\"fusion-clearfix\"><\/div><\/div><\/div><\/div><\/div><div class=\"fusion-fullwidth fullwidth-box fusion-builder-row-2 nonhundred-percent-fullwidth non-hundred-percent-height-scrolling\" style=\"--awb-border-radius-top-left:0px;--awb-border-radius-top-right:0px;--awb-border-radius-bottom-right:0px;--awb-border-radius-bottom-left:0px;--awb-padding-top:0px;--awb-padding-bottom:0px;--awb-flex-wrap:wrap;\" ><div class=\"fusion-builder-row fusion-row\"><div class=\"fusion-layout-column fusion_builder_column fusion-builder-column-2 fusion_builder_column_1_1 1_1 fusion-one-full fusion-column-first fusion-column-last\" style=\"--awb-bg-size:cover;--awb-margin-bottom:0px;\"><div class=\"fusion-column-wrapper fusion-flex-column-wrapper-legacy\"><div class=\"fusion-section-separator section-separator triangle fusion-section-separator-1\" style=\"--awb-border-bottom:1px solid #ffffff;--awb-spacer-height:1px;--awb-svg-margin-left:0;--awb-svg-margin-right:0;--awb-icon-color:#ffffff;\"><div class=\"fusion-section-separator-svg\"><div class=\"divider-candy-arrow bottom\" style=\"top:0px;border-top-color: #ffffff;\"><\/div><div class=\"divider-candy bottom\" style=\"bottom:-21px;border-bottom:1px solid #ffffff;border-left:1px solid #ffffff;\"><\/div><\/div><div class=\"fusion-section-separator-spacer\"><div class=\"fusion-section-separator-spacer-height\"><\/div><\/div><\/div><div class=\"fusion-clearfix\"><\/div><\/div><\/div><\/div><\/div><div class=\"fusion-fullwidth fullwidth-box fusion-builder-row-3 fusion-parallax-none spodnielement nonhundred-percent-fullwidth non-hundred-percent-height-scrolling\" style=\"--awb-border-radius-top-left:0px;--awb-border-radius-top-right:0px;--awb-border-radius-bottom-right:0px;--awb-border-radius-bottom-left:0px;--awb-padding-top:200px;--awb-padding-bottom:200px;--awb-background-image:url(&quot;http:\/\/avada.theme-fusion.com\/science\/wp-content\/uploads\/sites\/79\/2016\/11\/CTA_background.jpg&quot;);--awb-background-size:cover;--awb-flex-wrap:wrap;\" ><div class=\"fusion-builder-row fusion-row\"><div class=\"fusion-layout-column fusion_builder_column fusion-builder-column-3 fusion_builder_column_1_1 1_1 fusion-one-full fusion-column-first fusion-column-last\" style=\"--awb-bg-size:cover;--awb-margin-bottom:0px;\"><div class=\"fusion-column-wrapper fusion-flex-column-wrapper-legacy\"><div class=\"fusion-text fusion-text-3\"><h2 style=\"text-align: center; font-size: 60px;\">90 let s&nbsp;v\u00e1mi<\/h2>\n<\/div><div class=\"fusion-text fusion-text-4\"><p style=\"text-align: center; font-size: 25px; line-height: 48px;\">Bankovky, doklady, cenn\u00e9 pap\u00edry, plastov\u00e9 karty, ostatn\u00ed ceniny.<\/p>\n<\/div><div class=\"fusion-sep-clear\"><\/div><div class=\"fusion-separator fusion-full-width-sep\" style=\"margin-left: auto;margin-right: auto;margin-top:20px;width:100%;\"><\/div><div class=\"fusion-sep-clear\"><\/div><div class=\"fusion-aligncenter\"><a class=\"fusion-button button-flat button-xlarge button-default fusion-button-default button-2 fusion-button-default-span fusion-button-default-type\" target=\"_self\" href=\"http:\/\/stc.cz\/kontakt\/\"><span class=\"fusion-button-text\">Kontakt<\/span><\/a><\/div><div class=\"fusion-clearfix\"><\/div><\/div><\/div><\/div><\/div><\/p>\n","protected":false},"excerpt":{"rendered":"","protected":false},"author":8,"featured_media":0,"parent":14165,"menu_order":0,"comment_status":"closed","ping_status":"closed","template":"100-width.php","meta":{"footnotes":""},"class_list":["post-16224","page","type-page","status-publish","hentry"],"yoast_head":"<!-- This site is optimized with the Yoast SEO plugin v24.4 - https:\/\/yoast.com\/wordpress\/plugins\/seo\/ -->\n<title>- St\u00e1tn\u00ed tisk\u00e1rna cenin<\/title>\n<meta name=\"robots\" content=\"index, follow, max-snippet:-1, max-image-preview:large, max-video-preview:-1\" \/>\n<link rel=\"canonical\" href=\"https:\/\/stc.cz\/en\/products\/product-track-trace\/\" \/>\n<meta property=\"og:locale\" content=\"en_US\" \/>\n<meta property=\"og:type\" content=\"article\" \/>\n<meta property=\"og:title\" content=\"- St\u00e1tn\u00ed tisk\u00e1rna cenin\" \/>\n<meta property=\"og:url\" content=\"https:\/\/stc.cz\/en\/products\/product-track-trace\/\" \/>\n<meta property=\"og:site_name\" content=\"St\u00e1tn\u00ed tisk\u00e1rna cenin\" \/>\n<meta property=\"article:modified_time\" content=\"2024-05-02T16:20:36+00:00\" \/>\n<meta property=\"og:image\" content=\"https:\/\/stc.cz\/wp-content\/uploads\/2023\/03\/NOVE_LOGO_STC_ukazka.jpg\" \/>\n\t<meta property=\"og:image:width\" content=\"1018\" \/>\n\t<meta property=\"og:image:height\" content=\"720\" \/>\n\t<meta property=\"og:image:type\" content=\"image\/jpeg\" \/>\n<meta name=\"twitter:card\" content=\"summary_large_image\" \/>\n<meta name=\"twitter:label1\" content=\"Est. reading time\" \/>\n\t<meta name=\"twitter:data1\" content=\"7 minutes\" \/>\n<script type=\"application\/ld+json\" class=\"yoast-schema-graph\">{\"@context\":\"https:\/\/schema.org\",\"@graph\":[{\"@type\":\"WebPage\",\"@id\":\"https:\/\/stc.cz\/en\/products\/product-track-trace\/\",\"url\":\"https:\/\/stc.cz\/en\/products\/product-track-trace\/\",\"name\":\"- St\u00e1tn\u00ed tisk\u00e1rna cenin\",\"isPartOf\":{\"@id\":\"https:\/\/stc.cz\/#website\"},\"datePublished\":\"2019-03-06T13:14:18+00:00\",\"dateModified\":\"2024-05-02T16:20:36+00:00\",\"breadcrumb\":{\"@id\":\"https:\/\/stc.cz\/en\/products\/product-track-trace\/#breadcrumb\"},\"inLanguage\":\"en-US\",\"potentialAction\":[{\"@type\":\"ReadAction\",\"target\":[\"https:\/\/stc.cz\/en\/products\/product-track-trace\/\"]}]},{\"@type\":\"BreadcrumbList\",\"@id\":\"https:\/\/stc.cz\/en\/products\/product-track-trace\/#breadcrumb\",\"itemListElement\":[{\"@type\":\"ListItem\",\"position\":1,\"name\":\"Products\",\"item\":\"https:\/\/stc.cz\/en\/products\/\"},{\"@type\":\"ListItem\",\"position\":2,\"name\":\"Track&#038;Trace\"}]},{\"@type\":\"WebSite\",\"@id\":\"https:\/\/stc.cz\/#website\",\"url\":\"https:\/\/stc.cz\/\",\"name\":\"St\u00e1tn\u00ed tisk\u00e1rna cenin\",\"description\":\"\",\"publisher\":{\"@id\":\"https:\/\/stc.cz\/#organization\"},\"alternateName\":\"V\u00edce ne\u017e 95 let nab\u00edz\u00edme sv\u00fdm z\u00e1kazn\u00edk\u016fm v\u00fdrobu polygrafick\u00fdch produkt\u016f s ceninov\u00fdmi ochrann\u00fdmi prvky v provozu vybaven\u00e9m nejmodern\u011bj\u0161\u00edmi technologiemi a bezpe\u010dnostn\u00edmi syst\u00e9my.\",\"potentialAction\":[{\"@type\":\"SearchAction\",\"target\":{\"@type\":\"EntryPoint\",\"urlTemplate\":\"https:\/\/stc.cz\/?s={search_term_string}\"},\"query-input\":{\"@type\":\"PropertyValueSpecification\",\"valueRequired\":true,\"valueName\":\"search_term_string\"}}],\"inLanguage\":\"en-US\"},{\"@type\":\"Organization\",\"@id\":\"https:\/\/stc.cz\/#organization\",\"name\":\"St\u00e1tn\u00ed tisk\u00e1rna cenin\",\"url\":\"https:\/\/stc.cz\/\",\"logo\":{\"@type\":\"ImageObject\",\"inLanguage\":\"en-US\",\"@id\":\"https:\/\/stc.cz\/#\/schema\/logo\/image\/\",\"url\":\"https:\/\/stc.cz\/wp-content\/uploads\/2023\/03\/NOVE_LOGO_STC.jpg\",\"contentUrl\":\"https:\/\/stc.cz\/wp-content\/uploads\/2023\/03\/NOVE_LOGO_STC.jpg\",\"width\":1280,\"height\":720,\"caption\":\"St\u00e1tn\u00ed tisk\u00e1rna cenin\"},\"image\":{\"@id\":\"https:\/\/stc.cz\/#\/schema\/logo\/image\/\"}}]}<\/script>\n<!-- \/ Yoast SEO plugin. -->","yoast_head_json":{"title":"- St\u00e1tn\u00ed tisk\u00e1rna cenin","robots":{"index":"index","follow":"follow","max-snippet":"max-snippet:-1","max-image-preview":"max-image-preview:large","max-video-preview":"max-video-preview:-1"},"canonical":"https:\/\/stc.cz\/en\/products\/product-track-trace\/","og_locale":"en_US","og_type":"article","og_title":"- St\u00e1tn\u00ed tisk\u00e1rna cenin","og_url":"https:\/\/stc.cz\/en\/products\/product-track-trace\/","og_site_name":"St\u00e1tn\u00ed tisk\u00e1rna cenin","article_modified_time":"2024-05-02T16:20:36+00:00","og_image":[{"width":1018,"height":720,"url":"https:\/\/stc.cz\/wp-content\/uploads\/2023\/03\/NOVE_LOGO_STC_ukazka.jpg","type":"image\/jpeg"}],"twitter_card":"summary_large_image","twitter_misc":{"Est. reading time":"7 minutes"},"schema":{"@context":"https:\/\/schema.org","@graph":[{"@type":"WebPage","@id":"https:\/\/stc.cz\/en\/products\/product-track-trace\/","url":"https:\/\/stc.cz\/en\/products\/product-track-trace\/","name":"- St\u00e1tn\u00ed tisk\u00e1rna cenin","isPartOf":{"@id":"https:\/\/stc.cz\/#website"},"datePublished":"2019-03-06T13:14:18+00:00","dateModified":"2024-05-02T16:20:36+00:00","breadcrumb":{"@id":"https:\/\/stc.cz\/en\/products\/product-track-trace\/#breadcrumb"},"inLanguage":"en-US","potentialAction":[{"@type":"ReadAction","target":["https:\/\/stc.cz\/en\/products\/product-track-trace\/"]}]},{"@type":"BreadcrumbList","@id":"https:\/\/stc.cz\/en\/products\/product-track-trace\/#breadcrumb","itemListElement":[{"@type":"ListItem","position":1,"name":"Products","item":"https:\/\/stc.cz\/en\/products\/"},{"@type":"ListItem","position":2,"name":"Track&#038;Trace"}]},{"@type":"WebSite","@id":"https:\/\/stc.cz\/#website","url":"https:\/\/stc.cz\/","name":"St\u00e1tn\u00ed tisk\u00e1rna cenin","description":"","publisher":{"@id":"https:\/\/stc.cz\/#organization"},"alternateName":"V\u00edce ne\u017e 95 let nab\u00edz\u00edme sv\u00fdm z\u00e1kazn\u00edk\u016fm v\u00fdrobu polygrafick\u00fdch produkt\u016f s ceninov\u00fdmi ochrann\u00fdmi prvky v provozu vybaven\u00e9m nejmodern\u011bj\u0161\u00edmi technologiemi a bezpe\u010dnostn\u00edmi syst\u00e9my.","potentialAction":[{"@type":"SearchAction","target":{"@type":"EntryPoint","urlTemplate":"https:\/\/stc.cz\/?s={search_term_string}"},"query-input":{"@type":"PropertyValueSpecification","valueRequired":true,"valueName":"search_term_string"}}],"inLanguage":"en-US"},{"@type":"Organization","@id":"https:\/\/stc.cz\/#organization","name":"St\u00e1tn\u00ed tisk\u00e1rna cenin","url":"https:\/\/stc.cz\/","logo":{"@type":"ImageObject","inLanguage":"en-US","@id":"https:\/\/stc.cz\/#\/schema\/logo\/image\/","url":"https:\/\/stc.cz\/wp-content\/uploads\/2023\/03\/NOVE_LOGO_STC.jpg","contentUrl":"https:\/\/stc.cz\/wp-content\/uploads\/2023\/03\/NOVE_LOGO_STC.jpg","width":1280,"height":720,"caption":"St\u00e1tn\u00ed tisk\u00e1rna cenin"},"image":{"@id":"https:\/\/stc.cz\/#\/schema\/logo\/image\/"}}]}},"_links":{"self":[{"href":"https:\/\/stc.cz\/en\/wp-json\/wp\/v2\/pages\/16224","targetHints":{"allow":["GET"]}}],"collection":[{"href":"https:\/\/stc.cz\/en\/wp-json\/wp\/v2\/pages"}],"about":[{"href":"https:\/\/stc.cz\/en\/wp-json\/wp\/v2\/types\/page"}],"author":[{"embeddable":true,"href":"https:\/\/stc.cz\/en\/wp-json\/wp\/v2\/users\/8"}],"replies":[{"embeddable":true,"href":"https:\/\/stc.cz\/en\/wp-json\/wp\/v2\/comments?post=16224"}],"version-history":[{"count":6,"href":"https:\/\/stc.cz\/en\/wp-json\/wp\/v2\/pages\/16224\/revisions"}],"predecessor-version":[{"id":23675,"href":"https:\/\/stc.cz\/en\/wp-json\/wp\/v2\/pages\/16224\/revisions\/23675"}],"up":[{"embeddable":true,"href":"https:\/\/stc.cz\/en\/wp-json\/wp\/v2\/pages\/14165"}],"wp:attachment":[{"href":"https:\/\/stc.cz\/en\/wp-json\/wp\/v2\/media?parent=16224"}],"curies":[{"name":"wp","href":"https:\/\/api.w.org\/{rel}","templated":true}]}}