{"id":16175,"date":"2019-03-06T13:55:04","date_gmt":"2019-03-06T12:55:04","guid":{"rendered":"https:\/\/stc.cz\/products\/track-trace\/zakladni-informace\/"},"modified":"2025-11-11T17:03:22","modified_gmt":"2025-11-11T16:03:22","slug":"zakladni-informace","status":"publish","type":"page","link":"https:\/\/stc.cz\/en\/products\/track-trace\/zakladni-informace\/","title":{"rendered":"Basic information"},"content":{"rendered":"<p><div class=\"fusion-fullwidth fullwidth-box fusion-builder-row-1 fusion-flex-container has-pattern-background has-mask-background lista blacktexts nonhundred-percent-fullwidth non-hundred-percent-height-scrolling\" style=\"--awb-border-radius-top-left:0px;--awb-border-radius-top-right:0px;--awb-border-radius-bottom-right:0px;--awb-border-radius-bottom-left:0px;--awb-padding-top:20px;--awb-padding-bottom:20px;--awb-margin-top:25px;--awb-background-color:#ffad9a;--awb-flex-wrap:wrap;\" id=\"trackmenu\" ><div class=\"fusion-builder-row fusion-row fusion-flex-align-items-flex-start fusion-flex-content-wrap\" style=\"max-width:1560px;margin-left: calc(-4% \/ 2 );margin-right: calc(-4% \/ 2 );\"><div class=\"fusion-layout-column fusion_builder_column fusion-builder-column-0 fusion_builder_column_1_1 1_1 fusion-flex-column\" style=\"--awb-bg-size:cover;--awb-width-large:100%;--awb-margin-top-large:0px;--awb-spacing-right-large:1.92%;--awb-margin-bottom-large:0px;--awb-spacing-left-large:1.92%;--awb-width-medium:100%;--awb-order-medium:0;--awb-spacing-right-medium:1.92%;--awb-spacing-left-medium:1.92%;--awb-width-small:100%;--awb-order-small:0;--awb-spacing-right-small:1.92%;--awb-spacing-left-small:1.92%;\"><div class=\"fusion-column-wrapper fusion-column-has-shadow fusion-flex-justify-content-space-between fusion-content-layout-row fusion-flex-align-items-center\"><div style=\"text-align:left;\"><a class=\"fusion-button button-flat fusion-button-default-size button-custom fusion-button-default button-1 fusion-button-default-span fusion-button-default-type ttmenu\" style=\"--button_accent_color:var(--awb-color1);--button_accent_hover_color:var(--awb-color1);--button_border_hover_color:var(--awb-color1);--button_gradient_top_color:var(--awb-color8);--button_gradient_bottom_color:var(--awb-color8);--button_gradient_top_color_hover:var(--awb-color5);--button_gradient_bottom_color_hover:var(--awb-color5);\" target=\"_self\" href=\"\/en\/products\/track-trace\/zakladni-informace\/\"><span class=\"fusion-button-text\">Basic information<\/span><\/a><\/div><div style=\"text-align:left;\"><a class=\"fusion-button button-flat fusion-button-default-size button-custom fusion-button-default button-2 fusion-button-default-span fusion-button-default-type ttmenu\" style=\"--button_accent_color:var(--awb-color1);--button_accent_hover_color:var(--awb-color1);--button_border_hover_color:var(--awb-color1);--button_gradient_top_color:var(--awb-color8);--button_gradient_bottom_color:var(--awb-color8);--button_gradient_top_color_hover:var(--awb-color5);--button_gradient_bottom_color_hover:var(--awb-color5);\" target=\"_self\" href=\"\/en\/products\/track-trace\/dokumenty-ke-stazeni\/\"><span class=\"fusion-button-text\">Documents for download<\/span><\/a><\/div><div style=\"text-align:left;\"><a class=\"fusion-button button-flat fusion-button-default-size button-custom fusion-button-default button-3 fusion-button-default-span fusion-button-default-type ttmenu\" style=\"--button_accent_color:var(--awb-color1);--button_accent_hover_color:var(--awb-color1);--button_border_hover_color:var(--awb-color1);--button_gradient_top_color:var(--awb-color8);--button_gradient_bottom_color:var(--awb-color8);--button_gradient_top_color_hover:var(--awb-color5);--button_gradient_bottom_color_hover:var(--awb-color5);\" target=\"_self\" href=\"\/en\/products\/track-trace\/faq\/\"><span class=\"fusion-button-text\">Questions and answers<\/span><\/a><\/div><div style=\"text-align:left;\"><a class=\"fusion-button button-flat fusion-button-default-size button-custom fusion-button-default button-4 fusion-button-default-span fusion-button-default-type ttmenu\" style=\"--button_accent_color:var(--awb-color1);--button_accent_hover_color:var(--awb-color1);--button_border_hover_color:var(--awb-color1);--button_gradient_top_color:var(--awb-color8);--button_gradient_bottom_color:var(--awb-color8);--button_gradient_top_color_hover:var(--awb-color5);--button_gradient_bottom_color_hover:var(--awb-color5);\" target=\"_self\" href=\"\/en\/products\/track-trace\/aktuality\/\"><span class=\"fusion-button-text\">News<\/span><\/a><\/div><div style=\"text-align:left;\"><a class=\"fusion-button button-flat fusion-button-default-size button-custom fusion-button-default button-5 fusion-button-default-span fusion-button-default-type ttmenu\" style=\"--button_accent_color:var(--awb-color1);--button_accent_hover_color:var(--awb-color1);--button_border_hover_color:var(--awb-color1);--button_gradient_top_color:var(--awb-color8);--button_gradient_bottom_color:var(--awb-color8);--button_gradient_top_color_hover:var(--awb-color5);--button_gradient_bottom_color_hover:var(--awb-color5);\" target=\"_blank\" rel=\"noopener noreferrer\" href=\"https:\/\/znacenitabaku.cz\"><span class=\"fusion-button-text\">Access to the Track&amp;Trace system<\/span><\/a><\/div><\/div><\/div><div class=\"fusion-layout-column fusion_builder_column fusion-builder-column-1 fusion_builder_column_1_2 1_2 fusion-flex-column\" style=\"--awb-bg-size:cover;--awb-width-large:50%;--awb-margin-top-large:40px;--awb-spacing-right-large:3.84%;--awb-margin-bottom-large:0px;--awb-spacing-left-large:3.84%;--awb-width-medium:100%;--awb-order-medium:0;--awb-spacing-right-medium:1.92%;--awb-spacing-left-medium:1.92%;--awb-width-small:100%;--awb-order-small:0;--awb-spacing-right-small:1.92%;--awb-spacing-left-small:1.92%;\" id=\"kontaktnimail\"><div class=\"fusion-column-wrapper fusion-column-has-shadow fusion-flex-justify-content-flex-start fusion-content-layout-column\"><div class=\"fusion-text fusion-text-1\"><p style=\"text-align: left;\">Technical support:<\/p>\n<\/div><div class=\"fusion-text fusion-text-2\"><p style=\"text-align: left;\"><i class=\"fa fa-phone\"><\/i> <a href=\"tel:+420731249060\">+420&nbsp;731&nbsp;249&nbsp;060\u00a0<\/a>, <a href=\"http:\/\/tel.:+420735729701\">+420&nbsp;735&nbsp;729&nbsp;701<\/a><\/p>\n<\/div><div class=\"fusion-text fusion-text-3\"><p style=\"text-align: left;\"><i class=\"fa fa-envelope-o\"><\/i> <a href=\"mailto:info@znacenitabaku.cz\">info@znacenitabaku.cz<\/a><\/p>\n<\/div><div class=\"fusion-text fusion-text-4\"><p style=\"text-align: left;\">(Monday &#8211; Friday from 8:00 &#8211; 16:00 hours)<\/p>\n<\/div><\/div><\/div><\/div><\/div><div class=\"fusion-fullwidth fullwidth-box fusion-builder-row-2 nonhundred-percent-fullwidth non-hundred-percent-height-scrolling fusion-equal-height-columns\" style=\"--awb-border-radius-top-left:0px;--awb-border-radius-top-right:0px;--awb-border-radius-bottom-right:0px;--awb-border-radius-bottom-left:0px;--awb-padding-top:40px;--awb-padding-bottom:20px;--awb-background-color:#f8f8f8;--awb-flex-wrap:wrap;\" ><div class=\"fusion-builder-row fusion-row\"><div class=\"fusion-layout-column fusion_builder_column fusion-builder-column-2 fusion_builder_column_1_1 1_1 fusion-one-full fusion-column-first fusion-column-last\" style=\"--awb-bg-size:cover;--awb-margin-bottom:60px;\"><div class=\"fusion-column-wrapper fusion-flex-column-wrapper-legacy\"><div class=\"fusion-column-content-centered\"><div class=\"fusion-column-content\"><div class=\"fusion-text fusion-text-5\"><p>Digital product identification consists of the application of a&nbsp;unique identifier in the form of digital code to the product packaging in the course of its production. The digital code is unique to the product and contains anti-forgery security measures. This identification allows subsequent tracing of the movement of the specific product shipped from the manufacturer to the first retailer (the so-called Track&amp;Trace System).<\/p>\n<p>On the basis of Decree of the Government of the Czech Republic No 671 of 17 October 2018, the STC was appointed the public issuer of the unique identifiers for tobacco products for the Czech Republic within the meaning of Article 3 <a href=\"\/wp-content\/uploads\/2019\/02\/PROVADECI_NARIZENI_CZ.pdf\" target=\"_blank\" rel=\"noopener noreferrer\">of Commission Implementing Regulation (EU)<\/a> 2018\/574 of 15 December 2017 on technical standards for the establishment and operation of a&nbsp;traceability system for tobacco products.<\/p>\n<\/div><div class=\"fusion-text fusion-text-6\"><p>Digital identification in combination with the Track&amp;Trace system ensures<\/p>\n<ul>\n<li>the guarantee of the origin and quality of the products for domestic and foreign customers and consumers,<\/li>\n<li>increased product protection and additional difficulties for forgers,<\/li>\n<li>improved inspection of product movement in target markets,<\/li>\n<li>easier downloading of information about sales of specific products,<\/li>\n<li>access to publicly available services for product origin and quality verification.<\/li>\n<\/ul>\n<p>The objective is to improve consumer information about product authenticity and origin and minimize the black market space by perfecting the identification of products, monitoring production volumes, and controlling the movement of goods within the entire supplier\/buyer chain.<\/p>\n<p><strong>Directive 2014\/40\/EU of the European Parliament and of the Council \u2013 Article 15 (Traceability)<\/strong><\/p>\n<ul>\n<li>stipulates that all unit packets of tobacco products are marked with a&nbsp;unique identifier (UID);<\/li>\n<li>stipulates the data that shall be included in the UID;<\/li>\n<li>stipulates the data that must be available in electronic format in combination with the UID;<\/li>\n<li>stipulates other obligations of the member states to ensure access to stored data;<\/li>\n<\/ul>\n<p><strong>Commission Implementing Regulation (EU) 2018\/574<\/strong><\/p>\n<ul>\n<li>stipulates the technical standards for implementation and operation of the tobacco products tracking systems;<\/li>\n<\/ul>\n<p>Based on Commission Implementing Regulation (EU) 2018\/574, every economic operator participating in the tobacco products Track&amp;Trace system must have a&nbsp;unique identifier (UID) assigned by the officially appointed issuer. Apart from the manufacturers, importers, and distributors, this also applies to all first retailers and vending machines.<\/p>\n<\/div><div class=\"fusion-text fusion-text-7\"><p>The participating institutions are the Ministry of Agriculture of the Czech Republic and the <strong> <a href=\"http:\/\/www.szpi.gov.cz\/sledovatelnost-tabakovych-vyrobku.aspx\">Czech Agriculture and Food Inspection Authority<\/a>.<\/strong><\/p>\n<p><strong>In force from 20 May 2019 for cigarettes and tobacco for hand-rolled cigarettes.<\/strong><\/p>\n<p><strong>In force from 20 May 2024 for other tobacco products.<\/strong><\/p>\n<p>Effective from 20.&nbsp;5.&nbsp;2026, other tobacco products (cigars, cigarillos, novel tobacco products, water pipe tobacco, pipe tobacco, chewing tobacco, and snuff) that are not marked with a&nbsp;unique identifier will not be allowed to be in free circulation. This means that they will have to be withdrawn from the market and destroyed. Without a&nbsp;unique identifier, they will not be allowed to be exported outside the EU either.<\/p>\n<\/div><div class=\"fusion-text fusion-text-8\"><h3>Diagram of the Track&amp;Trace System<\/h3>\n<\/div><div class=\"fusion-image-element fusion-image-align-center in-legacy-container\" style=\"text-align:center;--awb-caption-title-font-family:var(--h2_typography-font-family);--awb-caption-title-font-weight:var(--h2_typography-font-weight);--awb-caption-title-font-style:var(--h2_typography-font-style);--awb-caption-title-size:var(--h2_typography-font-size);--awb-caption-title-transform:var(--h2_typography-text-transform);--awb-caption-title-line-height:var(--h2_typography-line-height);--awb-caption-title-letter-spacing:var(--h2_typography-letter-spacing);\"><div class=\"imageframe-align-center\"><span class=\" fusion-imageframe imageframe-none imageframe-1 hover-type-none\"><img decoding=\"async\" width=\"1054\" height=\"800\" title=\"stc_EN\" src=\"https:\/\/stc.cz\/wp-content\/uploads\/2019\/03\/stc_EN.jpg\" alt=\"Basic information\" class=\"img-responsive wp-image-21371\" srcset=\"https:\/\/stc.cz\/wp-content\/uploads\/2019\/03\/stc_EN-200x152.jpg 200w, https:\/\/stc.cz\/wp-content\/uploads\/2019\/03\/stc_EN-400x304.jpg 400w, https:\/\/stc.cz\/wp-content\/uploads\/2019\/03\/stc_EN-600x455.jpg 600w, https:\/\/stc.cz\/wp-content\/uploads\/2019\/03\/stc_EN-800x607.jpg 800w, https:\/\/stc.cz\/wp-content\/uploads\/2019\/03\/stc_EN.jpg 1054w\" sizes=\"(max-width: 1024px) 100vw, 1054px\" \/><\/span><\/div><\/div><div class=\"fusion-sep-clear\"><\/div><div class=\"fusion-separator fusion-full-width-sep\" style=\"margin-left: auto;margin-right: auto;margin-bottom:20px;width:100%;\"><\/div><div class=\"fusion-sep-clear\"><\/div><div class=\"fusion-text fusion-text-9\"><h3>Time Schedule<\/h3>\n<p>Follow the time schedule with the most important milestones, which will help you to fulfil important deadlines and have everything duly prepared in time for successful participation in the Track&amp;Trace System.<\/p>\n<\/div><div class=\"fusion-text fusion-text-10\"><div class=\"kolemtabulky\">\n<table class=\"urednideska\">\n<tbody>\n<tr>\n<td class=\"hlavickadesky\" style=\"width: 30%;\">Deadline<\/td>\n<td class=\"hlavickadesky\">Milestone<\/td>\n<\/tr>\n<tr>\n<td class=\"polozkadesky\">2\/2019<\/td>\n<td class=\"polozkadesky\">Signature of a&nbsp;legally binding document with a&nbsp;selected solution provider<\/td>\n<\/tr>\n<tr>\n<td class=\"polozkadesky\">2\/2019<\/td>\n<td class=\"polozkadesky\">Commencement of the implementation stage of the provided solution<\/td>\n<\/tr>\n<tr>\n<td class=\"polozkadesky\">6.&nbsp;3.&nbsp;2019<\/td>\n<td class=\"polozkadesky\">Launch of the special Track&amp;Trace website<\/td>\n<\/tr>\n<tr>\n<td class=\"polozkadesky\">3\/2019<\/td>\n<td class=\"polozkadesky\">Acceptance of the provided solution<\/td>\n<\/tr>\n<tr>\n<td class=\"polozkadesky\">3-4\/2019<\/td>\n<td class=\"polozkadesky\">Verification of the connection of economic operators<\/td>\n<\/tr>\n<tr>\n<td class=\"polozkadesky\">3-4\/2019<\/td>\n<td class=\"polozkadesky\">Start of the registration of economic operators<\/td>\n<\/tr>\n<tr>\n<td class=\"polozkadesky\">4\/2019<\/td>\n<td class=\"polozkadesky\">Signature of contracts with the manufacturers<\/td>\n<\/tr>\n<tr>\n<td class=\"polozkadesky\">5\/2019<\/td>\n<td class=\"polozkadesky\">Transition to live production operations<\/td>\n<\/tr>\n<tr>\n<td class=\"polozkadesky\"><b>20.&nbsp;5.&nbsp;2019<\/b><\/td>\n<td class=\"polozkadesky\"><b>Start of the provision of operational services<\/b><\/td>\n<\/tr>\n<\/tbody>\n<\/table>\n<\/div>\n<\/div><div class=\"fusion-text fusion-text-11\"><h3>Registration<\/h3>\n<p>All economic operators participating in trade in tobacco products within the European Union must register.\u00a0During the project&#8217;s&nbsp;launch, more than 19,000 economic operators in the Czech Republic participated.<\/p>\n<\/div><div class=\"fusion-text fusion-text-12\"><h4>What I&nbsp;should do&nbsp;if I&nbsp;am:<\/h4>\n<h5>The first retailer<\/h5>\n<p>The first retailer is the subject that first places the tobacco products on the market for the final consumers.\u00a0Within the scope of the Track&amp;Trace System, the sole task of the first retailer is to register in the system operated by ST\u00c1TN\u00cd TISK\u00c1RNA CENIN, state enterprise (STC) and in this manner receive an economic operator\u2019s identification code and an equipment code. The STC plans to start registration at the beginning of April, and you will be notified <a href=\"\/en\/produkty\/track-trace\/aktuality\/\">on our website<\/a>. Registration can be completed via a&nbsp;simple web form that must be filled with basic information, for instance Company ID No, registered office of the economic operator, addresses of the places of business, contact email address and telephone number.<\/p>\n<h5>Distributor<\/h5>\n<p>Just like the first retailer, the distributor is also obligated to register. Further obligations are keeping records and ensuring their transfer to the Router and Secondary storage location related to the tobacco products as well as their import, warehousing, and further transfer.<\/p>\n<h5>Manufacturer or Importer<\/h5>\n<p>In compliance with Commission Implementing Regulation (EU) 2018\/574, the Manufacturers and Importers are obligated to ensure the marking of the unit and bulk packs of tobacco products. For this purpose, it is necessary to ensure the following activities:<\/p>\n<ul>\n<li>Submit an application to the STC for issue of an identification code for the economic operator, equipment, and machinery.<\/li>\n<li>Submit an application to the STC for the issue of a&nbsp;unique identifier for packaging of tobacco products.<\/li>\n<li>Mark the pack with the unique identifier (not a&nbsp;chip).<\/li>\n<li>Integration with the Router and Secondary storage location.<\/li>\n<li>Keep records of the events related to the movement of the tobacco products and transfer the required information to the superior systems (Router, Secondary storage location).<\/li>\n<\/ul>\n<h4>Registration itself can be done in two ways<\/h4>\n<ul>\n<li>An economic operator itself applies for registration<\/li>\n<li>A registered economic operator enters the economic operator into the system with the consent of the latter. For example, the Distributor has the option to do&nbsp;a&nbsp;mass import of all buyers into the system, and these will, upon registration, each receive an email message with a&nbsp;link for confirmation and completion of Registration.<\/li>\n<\/ul>\n<\/div><\/div><\/div><div class=\"fusion-clearfix\"><\/div><\/div><\/div><\/div><\/div><\/p>\n","protected":false},"excerpt":{"rendered":"","protected":false},"author":8,"featured_media":0,"parent":16161,"menu_order":0,"comment_status":"closed","ping_status":"closed","template":"100-width.php","meta":{"footnotes":""},"class_list":["post-16175","page","type-page","status-publish","hentry"],"yoast_head":"<!-- This site is optimized with the Yoast SEO plugin v24.4 - https:\/\/yoast.com\/wordpress\/plugins\/seo\/ -->\n<title>- St\u00e1tn\u00ed tisk\u00e1rna cenin<\/title>\n<meta name=\"robots\" content=\"index, follow, max-snippet:-1, max-image-preview:large, max-video-preview:-1\" \/>\n<link rel=\"canonical\" href=\"https:\/\/stc.cz\/en\/products\/track-trace\/zakladni-informace\/\" \/>\n<meta property=\"og:locale\" content=\"en_US\" \/>\n<meta property=\"og:type\" content=\"article\" \/>\n<meta property=\"og:title\" content=\"- St\u00e1tn\u00ed tisk\u00e1rna cenin\" \/>\n<meta property=\"og:url\" content=\"https:\/\/stc.cz\/en\/products\/track-trace\/zakladni-informace\/\" \/>\n<meta property=\"og:site_name\" content=\"St\u00e1tn\u00ed tisk\u00e1rna cenin\" \/>\n<meta property=\"article:modified_time\" content=\"2025-11-11T16:03:22+00:00\" \/>\n<meta property=\"og:image\" content=\"https:\/\/stc.cz\/wp-content\/uploads\/2023\/03\/NOVE_LOGO_STC_ukazka.jpg\" \/>\n\t<meta property=\"og:image:width\" content=\"1018\" \/>\n\t<meta property=\"og:image:height\" content=\"720\" \/>\n\t<meta property=\"og:image:type\" content=\"image\/jpeg\" \/>\n<meta name=\"twitter:card\" content=\"summary_large_image\" \/>\n<meta name=\"twitter:label1\" content=\"Est. reading time\" \/>\n\t<meta name=\"twitter:data1\" content=\"6 minutes\" \/>\n<script type=\"application\/ld+json\" class=\"yoast-schema-graph\">{\"@context\":\"https:\/\/schema.org\",\"@graph\":[{\"@type\":\"WebPage\",\"@id\":\"https:\/\/stc.cz\/en\/products\/track-trace\/zakladni-informace\/\",\"url\":\"https:\/\/stc.cz\/en\/products\/track-trace\/zakladni-informace\/\",\"name\":\"- St\u00e1tn\u00ed tisk\u00e1rna cenin\",\"isPartOf\":{\"@id\":\"https:\/\/stc.cz\/#website\"},\"datePublished\":\"2019-03-06T12:55:04+00:00\",\"dateModified\":\"2025-11-11T16:03:22+00:00\",\"breadcrumb\":{\"@id\":\"https:\/\/stc.cz\/en\/products\/track-trace\/zakladni-informace\/#breadcrumb\"},\"inLanguage\":\"en-US\",\"potentialAction\":[{\"@type\":\"ReadAction\",\"target\":[\"https:\/\/stc.cz\/en\/products\/track-trace\/zakladni-informace\/\"]}]},{\"@type\":\"BreadcrumbList\",\"@id\":\"https:\/\/stc.cz\/en\/products\/track-trace\/zakladni-informace\/#breadcrumb\",\"itemListElement\":[{\"@type\":\"ListItem\",\"position\":1,\"name\":\"Products\",\"item\":\"https:\/\/stc.cz\/en\/products\/\"},{\"@type\":\"ListItem\",\"position\":2,\"name\":\"Track&#038;Trace\",\"item\":\"https:\/\/stc.cz\/en\/products\/track-trace\/\"},{\"@type\":\"ListItem\",\"position\":3,\"name\":\"Basic information\"}]},{\"@type\":\"WebSite\",\"@id\":\"https:\/\/stc.cz\/#website\",\"url\":\"https:\/\/stc.cz\/\",\"name\":\"St\u00e1tn\u00ed tisk\u00e1rna cenin\",\"description\":\"\",\"publisher\":{\"@id\":\"https:\/\/stc.cz\/#organization\"},\"alternateName\":\"V\u00edce ne\u017e 95 let nab\u00edz\u00edme sv\u00fdm z\u00e1kazn\u00edk\u016fm v\u00fdrobu polygrafick\u00fdch produkt\u016f s ceninov\u00fdmi ochrann\u00fdmi prvky v provozu vybaven\u00e9m nejmodern\u011bj\u0161\u00edmi technologiemi a bezpe\u010dnostn\u00edmi syst\u00e9my.\",\"potentialAction\":[{\"@type\":\"SearchAction\",\"target\":{\"@type\":\"EntryPoint\",\"urlTemplate\":\"https:\/\/stc.cz\/?s={search_term_string}\"},\"query-input\":{\"@type\":\"PropertyValueSpecification\",\"valueRequired\":true,\"valueName\":\"search_term_string\"}}],\"inLanguage\":\"en-US\"},{\"@type\":\"Organization\",\"@id\":\"https:\/\/stc.cz\/#organization\",\"name\":\"St\u00e1tn\u00ed tisk\u00e1rna cenin\",\"url\":\"https:\/\/stc.cz\/\",\"logo\":{\"@type\":\"ImageObject\",\"inLanguage\":\"en-US\",\"@id\":\"https:\/\/stc.cz\/#\/schema\/logo\/image\/\",\"url\":\"https:\/\/stc.cz\/wp-content\/uploads\/2023\/03\/NOVE_LOGO_STC.jpg\",\"contentUrl\":\"https:\/\/stc.cz\/wp-content\/uploads\/2023\/03\/NOVE_LOGO_STC.jpg\",\"width\":1280,\"height\":720,\"caption\":\"St\u00e1tn\u00ed tisk\u00e1rna cenin\"},\"image\":{\"@id\":\"https:\/\/stc.cz\/#\/schema\/logo\/image\/\"}}]}<\/script>\n<!-- \/ Yoast SEO plugin. -->","yoast_head_json":{"title":"- St\u00e1tn\u00ed tisk\u00e1rna cenin","robots":{"index":"index","follow":"follow","max-snippet":"max-snippet:-1","max-image-preview":"max-image-preview:large","max-video-preview":"max-video-preview:-1"},"canonical":"https:\/\/stc.cz\/en\/products\/track-trace\/zakladni-informace\/","og_locale":"en_US","og_type":"article","og_title":"- St\u00e1tn\u00ed tisk\u00e1rna cenin","og_url":"https:\/\/stc.cz\/en\/products\/track-trace\/zakladni-informace\/","og_site_name":"St\u00e1tn\u00ed tisk\u00e1rna cenin","article_modified_time":"2025-11-11T16:03:22+00:00","og_image":[{"width":1018,"height":720,"url":"https:\/\/stc.cz\/wp-content\/uploads\/2023\/03\/NOVE_LOGO_STC_ukazka.jpg","type":"image\/jpeg"}],"twitter_card":"summary_large_image","twitter_misc":{"Est. reading time":"6 minutes"},"schema":{"@context":"https:\/\/schema.org","@graph":[{"@type":"WebPage","@id":"https:\/\/stc.cz\/en\/products\/track-trace\/zakladni-informace\/","url":"https:\/\/stc.cz\/en\/products\/track-trace\/zakladni-informace\/","name":"- St\u00e1tn\u00ed tisk\u00e1rna cenin","isPartOf":{"@id":"https:\/\/stc.cz\/#website"},"datePublished":"2019-03-06T12:55:04+00:00","dateModified":"2025-11-11T16:03:22+00:00","breadcrumb":{"@id":"https:\/\/stc.cz\/en\/products\/track-trace\/zakladni-informace\/#breadcrumb"},"inLanguage":"en-US","potentialAction":[{"@type":"ReadAction","target":["https:\/\/stc.cz\/en\/products\/track-trace\/zakladni-informace\/"]}]},{"@type":"BreadcrumbList","@id":"https:\/\/stc.cz\/en\/products\/track-trace\/zakladni-informace\/#breadcrumb","itemListElement":[{"@type":"ListItem","position":1,"name":"Products","item":"https:\/\/stc.cz\/en\/products\/"},{"@type":"ListItem","position":2,"name":"Track&#038;Trace","item":"https:\/\/stc.cz\/en\/products\/track-trace\/"},{"@type":"ListItem","position":3,"name":"Basic information"}]},{"@type":"WebSite","@id":"https:\/\/stc.cz\/#website","url":"https:\/\/stc.cz\/","name":"St\u00e1tn\u00ed tisk\u00e1rna cenin","description":"","publisher":{"@id":"https:\/\/stc.cz\/#organization"},"alternateName":"V\u00edce ne\u017e 95 let nab\u00edz\u00edme sv\u00fdm z\u00e1kazn\u00edk\u016fm v\u00fdrobu polygrafick\u00fdch produkt\u016f s ceninov\u00fdmi ochrann\u00fdmi prvky v provozu vybaven\u00e9m nejmodern\u011bj\u0161\u00edmi technologiemi a bezpe\u010dnostn\u00edmi syst\u00e9my.","potentialAction":[{"@type":"SearchAction","target":{"@type":"EntryPoint","urlTemplate":"https:\/\/stc.cz\/?s={search_term_string}"},"query-input":{"@type":"PropertyValueSpecification","valueRequired":true,"valueName":"search_term_string"}}],"inLanguage":"en-US"},{"@type":"Organization","@id":"https:\/\/stc.cz\/#organization","name":"St\u00e1tn\u00ed tisk\u00e1rna cenin","url":"https:\/\/stc.cz\/","logo":{"@type":"ImageObject","inLanguage":"en-US","@id":"https:\/\/stc.cz\/#\/schema\/logo\/image\/","url":"https:\/\/stc.cz\/wp-content\/uploads\/2023\/03\/NOVE_LOGO_STC.jpg","contentUrl":"https:\/\/stc.cz\/wp-content\/uploads\/2023\/03\/NOVE_LOGO_STC.jpg","width":1280,"height":720,"caption":"St\u00e1tn\u00ed tisk\u00e1rna cenin"},"image":{"@id":"https:\/\/stc.cz\/#\/schema\/logo\/image\/"}}]}},"_links":{"self":[{"href":"https:\/\/stc.cz\/en\/wp-json\/wp\/v2\/pages\/16175","targetHints":{"allow":["GET"]}}],"collection":[{"href":"https:\/\/stc.cz\/en\/wp-json\/wp\/v2\/pages"}],"about":[{"href":"https:\/\/stc.cz\/en\/wp-json\/wp\/v2\/types\/page"}],"author":[{"embeddable":true,"href":"https:\/\/stc.cz\/en\/wp-json\/wp\/v2\/users\/8"}],"replies":[{"embeddable":true,"href":"https:\/\/stc.cz\/en\/wp-json\/wp\/v2\/comments?post=16175"}],"version-history":[{"count":22,"href":"https:\/\/stc.cz\/en\/wp-json\/wp\/v2\/pages\/16175\/revisions"}],"predecessor-version":[{"id":24961,"href":"https:\/\/stc.cz\/en\/wp-json\/wp\/v2\/pages\/16175\/revisions\/24961"}],"up":[{"embeddable":true,"href":"https:\/\/stc.cz\/en\/wp-json\/wp\/v2\/pages\/16161"}],"wp:attachment":[{"href":"https:\/\/stc.cz\/en\/wp-json\/wp\/v2\/media?parent=16175"}],"curies":[{"name":"wp","href":"https:\/\/api.w.org\/{rel}","templated":true}]}}