{"id":14159,"date":"2017-08-29T08:48:22","date_gmt":"2017-08-29T06:48:22","guid":{"rendered":"https:\/\/stc.cz\/knihtisk\/"},"modified":"2023-06-26T14:42:43","modified_gmt":"2023-06-26T12:42:43","slug":"letterpress-printing","status":"publish","type":"page","link":"https:\/\/stc.cz\/en\/printing-techniques\/letterpress-printing\/","title":{"rendered":"Letterpress printing"},"content":{"rendered":"<div class=\"fusion-fullwidth fullwidth-box fusion-builder-row-1 nonhundred-percent-fullwidth non-hundred-percent-height-scrolling fusion-equal-height-columns\" style=\"--awb-border-radius-top-left:0px;--awb-border-radius-top-right:0px;--awb-border-radius-bottom-right:0px;--awb-border-radius-bottom-left:0px;--awb-padding-top:120px;--awb-padding-bottom:20px;--awb-background-color:#f8f8f8;--awb-flex-wrap:wrap;\" ><div class=\"fusion-builder-row fusion-row\"><div class=\"fusion-layout-column fusion_builder_column fusion-builder-column-0 fusion_builder_column_1_2 1_2 fusion-one-half fusion-column-first\" style=\"--awb-bg-size:cover;--awb-margin-bottom:60px;width:50%;width:calc(50% - ( ( 4% ) * 0.5 ) );margin-right: 4%;\"><div class=\"fusion-column-wrapper fusion-flex-column-wrapper-legacy\"><div class=\"fusion-column-content-centered\"><div class=\"fusion-column-content\"><div class=\"fusion-text fusion-text-1\"><h2>LETTERPRESS PRINTING<\/h2>\n<\/div><div class=\"fusion-sep-clear\"><\/div><div class=\"fusion-separator fusion-clearfix\" style=\"float:left;margin-bottom:30px;width:100%;max-width:100px;\"><div class=\"fusion-separator-border sep-single sep-solid\" style=\"--awb-height:20px;--awb-amount:20px;--awb-sep-color:#dcecd7;border-color:#dcecd7;border-top-width:2px;\"><\/div><\/div><div class=\"fusion-sep-clear\"><\/div><div class=\"fusion-text fusion-text-2\"><p>Letterpress is the oldest relief printing technique. The relief printing plate and the printing types are elevated above the non-printing elements. In the printing machine, ink is applied to the printing elements and transferred directly onto the substrate \u2013 usually paper.<\/p>\n<p>Relief printing is especially used when numbering security printed items, or in creating the perforation for making tearing out individual pages easier, etc. The numbering produced by relief printing has its typical edge in individual printed numbers acquired from the pressure exerted by the numbering type onto the paper. Unlike the numbering produced in digital print it is possible to use a&nbsp;wide range of security printing inks.<\/p>\n<p>SPWS also uses the technique of indirect letterpress printing (the so-called letterset method) in printing of banknotes and other security printed items in the Simultan printing machine, which allows simultaneous double-sided printing with extraordinary accuracy of concurrent printing.<\/p>\n<\/div><\/div><\/div><div class=\"fusion-clearfix\"><\/div><\/div><\/div><div class=\"fusion-layout-column fusion_builder_column fusion-builder-column-1 fusion_builder_column_1_2 1_2 fusion-one-half fusion-column-last pozadiknihtisk fusion-no-small-visibility\" style=\"--awb-padding-left:8%;--awb-bg-image:url(&#039;http:\/\/stc.cz\/wp-content\/uploads\/2017\/08\/motiv-knihtisk.jpg&#039;);--awb-bg-size:cover;--awb-margin-bottom:0px;width:50%;width:calc(50% - ( ( 4% ) * 0.5 ) );\"><div class=\"fusion-column-wrapper fusion-flex-column-wrapper-legacy fusion-empty-column-bg-image fusion-column-has-bg-image\" data-bg-url=\"http:\/\/stc.cz\/wp-content\/uploads\/2017\/08\/motiv-knihtisk.jpg\"><div class=\"fusion-column-content-centered\"><div class=\"fusion-column-content\"><img decoding=\"async\" class=\"fusion-empty-dims-img-placeholder fusion-no-large-visibility\" src=\"data:image\/gif;base64,R0lGODlhAQABAAAAACH5BAEKAAEALAAAAAABAAEAAAICTAEAOw==\"><\/div><\/div><div class=\"fusion-clearfix\"><\/div><\/div><\/div><\/div><\/div>\n","protected":false},"excerpt":{"rendered":"","protected":false},"author":8,"featured_media":0,"parent":14182,"menu_order":0,"comment_status":"closed","ping_status":"closed","template":"100-width.php","meta":{"footnotes":""},"class_list":["post-14159","page","type-page","status-publish","hentry"],"yoast_head":"<!-- This site is optimized with the Yoast SEO plugin v24.4 - https:\/\/yoast.com\/wordpress\/plugins\/seo\/ -->\n<title>- St\u00e1tn\u00ed tisk\u00e1rna cenin<\/title>\n<meta name=\"robots\" content=\"index, follow, max-snippet:-1, max-image-preview:large, max-video-preview:-1\" \/>\n<link rel=\"canonical\" href=\"https:\/\/stc.cz\/en\/printing-techniques\/letterpress-printing\/\" \/>\n<meta property=\"og:locale\" content=\"en_US\" \/>\n<meta property=\"og:type\" content=\"article\" \/>\n<meta property=\"og:title\" content=\"- St\u00e1tn\u00ed tisk\u00e1rna cenin\" \/>\n<meta property=\"og:url\" content=\"https:\/\/stc.cz\/en\/printing-techniques\/letterpress-printing\/\" \/>\n<meta property=\"og:site_name\" content=\"St\u00e1tn\u00ed tisk\u00e1rna cenin\" \/>\n<meta property=\"article:modified_time\" content=\"2023-06-26T12:42:43+00:00\" \/>\n<meta property=\"og:image\" content=\"https:\/\/stc.cz\/wp-content\/uploads\/2023\/03\/NOVE_LOGO_STC_ukazka.jpg\" \/>\n\t<meta property=\"og:image:width\" content=\"1018\" \/>\n\t<meta property=\"og:image:height\" content=\"720\" \/>\n\t<meta property=\"og:image:type\" content=\"image\/jpeg\" \/>\n<meta name=\"twitter:card\" content=\"summary_large_image\" \/>\n<meta name=\"twitter:label1\" content=\"Est. reading time\" \/>\n\t<meta name=\"twitter:data1\" content=\"3 minutes\" \/>\n<script type=\"application\/ld+json\" class=\"yoast-schema-graph\">{\"@context\":\"https:\/\/schema.org\",\"@graph\":[{\"@type\":\"WebPage\",\"@id\":\"https:\/\/stc.cz\/en\/printing-techniques\/letterpress-printing\/\",\"url\":\"https:\/\/stc.cz\/en\/printing-techniques\/letterpress-printing\/\",\"name\":\"- St\u00e1tn\u00ed tisk\u00e1rna cenin\",\"isPartOf\":{\"@id\":\"https:\/\/stc.cz\/#website\"},\"datePublished\":\"2017-08-29T06:48:22+00:00\",\"dateModified\":\"2023-06-26T12:42:43+00:00\",\"breadcrumb\":{\"@id\":\"https:\/\/stc.cz\/en\/printing-techniques\/letterpress-printing\/#breadcrumb\"},\"inLanguage\":\"en-US\",\"potentialAction\":[{\"@type\":\"ReadAction\",\"target\":[\"https:\/\/stc.cz\/en\/printing-techniques\/letterpress-printing\/\"]}]},{\"@type\":\"BreadcrumbList\",\"@id\":\"https:\/\/stc.cz\/en\/printing-techniques\/letterpress-printing\/#breadcrumb\",\"itemListElement\":[{\"@type\":\"ListItem\",\"position\":1,\"name\":\"Printing techniques\",\"item\":\"https:\/\/stc.cz\/en\/printing-techniques\/\"},{\"@type\":\"ListItem\",\"position\":2,\"name\":\"Letterpress printing\"}]},{\"@type\":\"WebSite\",\"@id\":\"https:\/\/stc.cz\/#website\",\"url\":\"https:\/\/stc.cz\/\",\"name\":\"St\u00e1tn\u00ed tisk\u00e1rna cenin\",\"description\":\"\",\"publisher\":{\"@id\":\"https:\/\/stc.cz\/#organization\"},\"alternateName\":\"V\u00edce ne\u017e 95 let nab\u00edz\u00edme sv\u00fdm z\u00e1kazn\u00edk\u016fm v\u00fdrobu polygrafick\u00fdch produkt\u016f s ceninov\u00fdmi ochrann\u00fdmi prvky v provozu vybaven\u00e9m nejmodern\u011bj\u0161\u00edmi technologiemi a bezpe\u010dnostn\u00edmi syst\u00e9my.\",\"potentialAction\":[{\"@type\":\"SearchAction\",\"target\":{\"@type\":\"EntryPoint\",\"urlTemplate\":\"https:\/\/stc.cz\/?s={search_term_string}\"},\"query-input\":{\"@type\":\"PropertyValueSpecification\",\"valueRequired\":true,\"valueName\":\"search_term_string\"}}],\"inLanguage\":\"en-US\"},{\"@type\":\"Organization\",\"@id\":\"https:\/\/stc.cz\/#organization\",\"name\":\"St\u00e1tn\u00ed tisk\u00e1rna cenin\",\"url\":\"https:\/\/stc.cz\/\",\"logo\":{\"@type\":\"ImageObject\",\"inLanguage\":\"en-US\",\"@id\":\"https:\/\/stc.cz\/#\/schema\/logo\/image\/\",\"url\":\"https:\/\/stc.cz\/wp-content\/uploads\/2023\/03\/NOVE_LOGO_STC.jpg\",\"contentUrl\":\"https:\/\/stc.cz\/wp-content\/uploads\/2023\/03\/NOVE_LOGO_STC.jpg\",\"width\":1280,\"height\":720,\"caption\":\"St\u00e1tn\u00ed tisk\u00e1rna cenin\"},\"image\":{\"@id\":\"https:\/\/stc.cz\/#\/schema\/logo\/image\/\"}}]}<\/script>\n<!-- \/ Yoast SEO plugin. -->","yoast_head_json":{"title":"- St\u00e1tn\u00ed tisk\u00e1rna cenin","robots":{"index":"index","follow":"follow","max-snippet":"max-snippet:-1","max-image-preview":"max-image-preview:large","max-video-preview":"max-video-preview:-1"},"canonical":"https:\/\/stc.cz\/en\/printing-techniques\/letterpress-printing\/","og_locale":"en_US","og_type":"article","og_title":"- St\u00e1tn\u00ed tisk\u00e1rna cenin","og_url":"https:\/\/stc.cz\/en\/printing-techniques\/letterpress-printing\/","og_site_name":"St\u00e1tn\u00ed tisk\u00e1rna cenin","article_modified_time":"2023-06-26T12:42:43+00:00","og_image":[{"width":1018,"height":720,"url":"https:\/\/stc.cz\/wp-content\/uploads\/2023\/03\/NOVE_LOGO_STC_ukazka.jpg","type":"image\/jpeg"}],"twitter_card":"summary_large_image","twitter_misc":{"Est. reading time":"3 minutes"},"schema":{"@context":"https:\/\/schema.org","@graph":[{"@type":"WebPage","@id":"https:\/\/stc.cz\/en\/printing-techniques\/letterpress-printing\/","url":"https:\/\/stc.cz\/en\/printing-techniques\/letterpress-printing\/","name":"- St\u00e1tn\u00ed tisk\u00e1rna cenin","isPartOf":{"@id":"https:\/\/stc.cz\/#website"},"datePublished":"2017-08-29T06:48:22+00:00","dateModified":"2023-06-26T12:42:43+00:00","breadcrumb":{"@id":"https:\/\/stc.cz\/en\/printing-techniques\/letterpress-printing\/#breadcrumb"},"inLanguage":"en-US","potentialAction":[{"@type":"ReadAction","target":["https:\/\/stc.cz\/en\/printing-techniques\/letterpress-printing\/"]}]},{"@type":"BreadcrumbList","@id":"https:\/\/stc.cz\/en\/printing-techniques\/letterpress-printing\/#breadcrumb","itemListElement":[{"@type":"ListItem","position":1,"name":"Printing techniques","item":"https:\/\/stc.cz\/en\/printing-techniques\/"},{"@type":"ListItem","position":2,"name":"Letterpress printing"}]},{"@type":"WebSite","@id":"https:\/\/stc.cz\/#website","url":"https:\/\/stc.cz\/","name":"St\u00e1tn\u00ed tisk\u00e1rna cenin","description":"","publisher":{"@id":"https:\/\/stc.cz\/#organization"},"alternateName":"V\u00edce ne\u017e 95 let nab\u00edz\u00edme sv\u00fdm z\u00e1kazn\u00edk\u016fm v\u00fdrobu polygrafick\u00fdch produkt\u016f s ceninov\u00fdmi ochrann\u00fdmi prvky v provozu vybaven\u00e9m nejmodern\u011bj\u0161\u00edmi technologiemi a bezpe\u010dnostn\u00edmi syst\u00e9my.","potentialAction":[{"@type":"SearchAction","target":{"@type":"EntryPoint","urlTemplate":"https:\/\/stc.cz\/?s={search_term_string}"},"query-input":{"@type":"PropertyValueSpecification","valueRequired":true,"valueName":"search_term_string"}}],"inLanguage":"en-US"},{"@type":"Organization","@id":"https:\/\/stc.cz\/#organization","name":"St\u00e1tn\u00ed tisk\u00e1rna cenin","url":"https:\/\/stc.cz\/","logo":{"@type":"ImageObject","inLanguage":"en-US","@id":"https:\/\/stc.cz\/#\/schema\/logo\/image\/","url":"https:\/\/stc.cz\/wp-content\/uploads\/2023\/03\/NOVE_LOGO_STC.jpg","contentUrl":"https:\/\/stc.cz\/wp-content\/uploads\/2023\/03\/NOVE_LOGO_STC.jpg","width":1280,"height":720,"caption":"St\u00e1tn\u00ed tisk\u00e1rna cenin"},"image":{"@id":"https:\/\/stc.cz\/#\/schema\/logo\/image\/"}}]}},"_links":{"self":[{"href":"https:\/\/stc.cz\/en\/wp-json\/wp\/v2\/pages\/14159","targetHints":{"allow":["GET"]}}],"collection":[{"href":"https:\/\/stc.cz\/en\/wp-json\/wp\/v2\/pages"}],"about":[{"href":"https:\/\/stc.cz\/en\/wp-json\/wp\/v2\/types\/page"}],"author":[{"embeddable":true,"href":"https:\/\/stc.cz\/en\/wp-json\/wp\/v2\/users\/8"}],"replies":[{"embeddable":true,"href":"https:\/\/stc.cz\/en\/wp-json\/wp\/v2\/comments?post=14159"}],"version-history":[{"count":5,"href":"https:\/\/stc.cz\/en\/wp-json\/wp\/v2\/pages\/14159\/revisions"}],"predecessor-version":[{"id":22485,"href":"https:\/\/stc.cz\/en\/wp-json\/wp\/v2\/pages\/14159\/revisions\/22485"}],"up":[{"embeddable":true,"href":"https:\/\/stc.cz\/en\/wp-json\/wp\/v2\/pages\/14182"}],"wp:attachment":[{"href":"https:\/\/stc.cz\/en\/wp-json\/wp\/v2\/media?parent=14159"}],"curies":[{"name":"wp","href":"https:\/\/api.w.org\/{rel}","templated":true}]}}