{"id":14146,"date":"2017-08-29T08:41:59","date_gmt":"2017-08-29T06:41:59","guid":{"rendered":"https:\/\/stc.cz\/ofset\/"},"modified":"2023-06-26T14:26:50","modified_gmt":"2023-06-26T12:26:50","slug":"offset-printing","status":"publish","type":"page","link":"https:\/\/stc.cz\/en\/printing-techniques\/offset-printing\/","title":{"rendered":"Offset printing"},"content":{"rendered":"<div class=\"fusion-fullwidth fullwidth-box fusion-builder-row-1 nonhundred-percent-fullwidth non-hundred-percent-height-scrolling fusion-equal-height-columns\" style=\"--awb-border-radius-top-left:0px;--awb-border-radius-top-right:0px;--awb-border-radius-bottom-right:0px;--awb-border-radius-bottom-left:0px;--awb-padding-top:120px;--awb-padding-bottom:20px;--awb-background-color:#f8f8f8;--awb-flex-wrap:wrap;\" ><div class=\"fusion-builder-row fusion-row\"><div class=\"fusion-layout-column fusion_builder_column fusion-builder-column-0 fusion_builder_column_1_2 1_2 fusion-one-half fusion-column-first\" style=\"--awb-bg-size:cover;--awb-margin-bottom:60px;width:50%;width:calc(50% - ( ( 4% ) * 0.5 ) );margin-right: 4%;\"><div class=\"fusion-column-wrapper fusion-flex-column-wrapper-legacy\"><div class=\"fusion-column-content-centered\"><div class=\"fusion-column-content\"><div class=\"fusion-text fusion-text-1\"><h2>OFFSET PRINTING<\/h2>\n<\/div><div class=\"fusion-sep-clear\"><\/div><div class=\"fusion-separator fusion-clearfix\" style=\"float:left;margin-bottom:30px;width:100%;max-width:100px;\"><div class=\"fusion-separator-border sep-single sep-solid\" style=\"--awb-height:20px;--awb-amount:20px;--awb-sep-color:#dcecd7;border-color:#dcecd7;border-top-width:2px;\"><\/div><\/div><div class=\"fusion-sep-clear\"><\/div><div class=\"fusion-text fusion-text-2\"><p>Offset printing is a&nbsp;type of surface printing technique where the printing and non-printing surfaces are at the same height level in contrast to all the other types of printing techniques. Offset press is an indirect printing method in which the ink from the printing form is transferred from the plate to the printing surface via another cylinder (roller). Currently, it is generally the most common and main stream printing technology used. SPWS offers its capacities in using the offset printing technology also in security printing, e.g. during the so-called Iris printing (smooth transition of different shades of colours into each other), applying an array of light-proof, scratch resistant and assorted special security printing inks. Thanks to those, the offset printing at SPWS is suitable for ensuring security of a&nbsp;wide range of security printed items.<\/p>\n<p>We at SPWS perform the conventional offset printing (offset with dampening solutions) as well as the waterless or dry offset techniques. Thanks to this combination we are able to print not only the classic paper material but also polycarbonate (PC) or PVC foils with print of the highest quality.<\/p>\n<p>Because of the effect of the so-called iris wipe together with the wide spectrum of security printing inks, the offset techniques represent the most accessible and also most prevalent methods of security printing.<\/p>\n<\/div><\/div><\/div><div class=\"fusion-clearfix\"><\/div><\/div><\/div><div class=\"fusion-layout-column fusion_builder_column fusion-builder-column-1 fusion_builder_column_1_2 1_2 fusion-one-half fusion-column-last pozadiofset fusion-no-small-visibility\" style=\"--awb-padding-left:8%;--awb-bg-image:url(&#039;http:\/\/stc.cz\/wp-content\/uploads\/2017\/08\/ofset.jpg&#039;);--awb-bg-size:cover;--awb-margin-bottom:0px;width:50%;width:calc(50% - ( ( 4% ) * 0.5 ) );\"><div class=\"fusion-column-wrapper fusion-flex-column-wrapper-legacy fusion-empty-column-bg-image fusion-column-has-bg-image\" data-bg-url=\"http:\/\/stc.cz\/wp-content\/uploads\/2017\/08\/ofset.jpg\"><div class=\"fusion-column-content-centered\"><div class=\"fusion-column-content\"><img decoding=\"async\" class=\"fusion-empty-dims-img-placeholder fusion-no-large-visibility\" src=\"data:image\/gif;base64,R0lGODlhAQABAAAAACH5BAEKAAEALAAAAAABAAEAAAICTAEAOw==\"><\/div><\/div><div class=\"fusion-clearfix\"><\/div><\/div><\/div><\/div><\/div>\n","protected":false},"excerpt":{"rendered":"","protected":false},"author":8,"featured_media":0,"parent":14182,"menu_order":0,"comment_status":"closed","ping_status":"closed","template":"100-width.php","meta":{"footnotes":""},"class_list":["post-14146","page","type-page","status-publish","hentry"],"yoast_head":"<!-- This site is optimized with the Yoast SEO plugin v24.4 - https:\/\/yoast.com\/wordpress\/plugins\/seo\/ -->\n<title>- St\u00e1tn\u00ed tisk\u00e1rna cenin<\/title>\n<meta name=\"robots\" content=\"index, follow, max-snippet:-1, max-image-preview:large, max-video-preview:-1\" \/>\n<link rel=\"canonical\" href=\"https:\/\/stc.cz\/en\/printing-techniques\/offset-printing\/\" \/>\n<meta property=\"og:locale\" content=\"en_US\" \/>\n<meta property=\"og:type\" content=\"article\" \/>\n<meta property=\"og:title\" content=\"- St\u00e1tn\u00ed tisk\u00e1rna cenin\" \/>\n<meta property=\"og:url\" content=\"https:\/\/stc.cz\/en\/printing-techniques\/offset-printing\/\" \/>\n<meta property=\"og:site_name\" content=\"St\u00e1tn\u00ed tisk\u00e1rna cenin\" \/>\n<meta property=\"article:modified_time\" content=\"2023-06-26T12:26:50+00:00\" \/>\n<meta property=\"og:image\" content=\"https:\/\/stc.cz\/wp-content\/uploads\/2023\/03\/NOVE_LOGO_STC_ukazka.jpg\" \/>\n\t<meta property=\"og:image:width\" content=\"1018\" \/>\n\t<meta property=\"og:image:height\" content=\"720\" \/>\n\t<meta property=\"og:image:type\" content=\"image\/jpeg\" \/>\n<meta name=\"twitter:card\" content=\"summary_large_image\" \/>\n<meta name=\"twitter:label1\" content=\"Est. reading time\" \/>\n\t<meta name=\"twitter:data1\" content=\"3 minutes\" \/>\n<script type=\"application\/ld+json\" class=\"yoast-schema-graph\">{\"@context\":\"https:\/\/schema.org\",\"@graph\":[{\"@type\":\"WebPage\",\"@id\":\"https:\/\/stc.cz\/en\/printing-techniques\/offset-printing\/\",\"url\":\"https:\/\/stc.cz\/en\/printing-techniques\/offset-printing\/\",\"name\":\"- St\u00e1tn\u00ed tisk\u00e1rna cenin\",\"isPartOf\":{\"@id\":\"https:\/\/stc.cz\/#website\"},\"datePublished\":\"2017-08-29T06:41:59+00:00\",\"dateModified\":\"2023-06-26T12:26:50+00:00\",\"breadcrumb\":{\"@id\":\"https:\/\/stc.cz\/en\/printing-techniques\/offset-printing\/#breadcrumb\"},\"inLanguage\":\"en-US\",\"potentialAction\":[{\"@type\":\"ReadAction\",\"target\":[\"https:\/\/stc.cz\/en\/printing-techniques\/offset-printing\/\"]}]},{\"@type\":\"BreadcrumbList\",\"@id\":\"https:\/\/stc.cz\/en\/printing-techniques\/offset-printing\/#breadcrumb\",\"itemListElement\":[{\"@type\":\"ListItem\",\"position\":1,\"name\":\"Printing techniques\",\"item\":\"https:\/\/stc.cz\/en\/printing-techniques\/\"},{\"@type\":\"ListItem\",\"position\":2,\"name\":\"Offset printing\"}]},{\"@type\":\"WebSite\",\"@id\":\"https:\/\/stc.cz\/#website\",\"url\":\"https:\/\/stc.cz\/\",\"name\":\"St\u00e1tn\u00ed tisk\u00e1rna cenin\",\"description\":\"\",\"publisher\":{\"@id\":\"https:\/\/stc.cz\/#organization\"},\"alternateName\":\"V\u00edce ne\u017e 95 let nab\u00edz\u00edme sv\u00fdm z\u00e1kazn\u00edk\u016fm v\u00fdrobu polygrafick\u00fdch produkt\u016f s ceninov\u00fdmi ochrann\u00fdmi prvky v provozu vybaven\u00e9m nejmodern\u011bj\u0161\u00edmi technologiemi a bezpe\u010dnostn\u00edmi syst\u00e9my.\",\"potentialAction\":[{\"@type\":\"SearchAction\",\"target\":{\"@type\":\"EntryPoint\",\"urlTemplate\":\"https:\/\/stc.cz\/?s={search_term_string}\"},\"query-input\":{\"@type\":\"PropertyValueSpecification\",\"valueRequired\":true,\"valueName\":\"search_term_string\"}}],\"inLanguage\":\"en-US\"},{\"@type\":\"Organization\",\"@id\":\"https:\/\/stc.cz\/#organization\",\"name\":\"St\u00e1tn\u00ed tisk\u00e1rna cenin\",\"url\":\"https:\/\/stc.cz\/\",\"logo\":{\"@type\":\"ImageObject\",\"inLanguage\":\"en-US\",\"@id\":\"https:\/\/stc.cz\/#\/schema\/logo\/image\/\",\"url\":\"https:\/\/stc.cz\/wp-content\/uploads\/2023\/03\/NOVE_LOGO_STC.jpg\",\"contentUrl\":\"https:\/\/stc.cz\/wp-content\/uploads\/2023\/03\/NOVE_LOGO_STC.jpg\",\"width\":1280,\"height\":720,\"caption\":\"St\u00e1tn\u00ed tisk\u00e1rna cenin\"},\"image\":{\"@id\":\"https:\/\/stc.cz\/#\/schema\/logo\/image\/\"}}]}<\/script>\n<!-- \/ Yoast SEO plugin. -->","yoast_head_json":{"title":"- St\u00e1tn\u00ed tisk\u00e1rna cenin","robots":{"index":"index","follow":"follow","max-snippet":"max-snippet:-1","max-image-preview":"max-image-preview:large","max-video-preview":"max-video-preview:-1"},"canonical":"https:\/\/stc.cz\/en\/printing-techniques\/offset-printing\/","og_locale":"en_US","og_type":"article","og_title":"- St\u00e1tn\u00ed tisk\u00e1rna cenin","og_url":"https:\/\/stc.cz\/en\/printing-techniques\/offset-printing\/","og_site_name":"St\u00e1tn\u00ed tisk\u00e1rna cenin","article_modified_time":"2023-06-26T12:26:50+00:00","og_image":[{"width":1018,"height":720,"url":"https:\/\/stc.cz\/wp-content\/uploads\/2023\/03\/NOVE_LOGO_STC_ukazka.jpg","type":"image\/jpeg"}],"twitter_card":"summary_large_image","twitter_misc":{"Est. reading time":"3 minutes"},"schema":{"@context":"https:\/\/schema.org","@graph":[{"@type":"WebPage","@id":"https:\/\/stc.cz\/en\/printing-techniques\/offset-printing\/","url":"https:\/\/stc.cz\/en\/printing-techniques\/offset-printing\/","name":"- St\u00e1tn\u00ed tisk\u00e1rna cenin","isPartOf":{"@id":"https:\/\/stc.cz\/#website"},"datePublished":"2017-08-29T06:41:59+00:00","dateModified":"2023-06-26T12:26:50+00:00","breadcrumb":{"@id":"https:\/\/stc.cz\/en\/printing-techniques\/offset-printing\/#breadcrumb"},"inLanguage":"en-US","potentialAction":[{"@type":"ReadAction","target":["https:\/\/stc.cz\/en\/printing-techniques\/offset-printing\/"]}]},{"@type":"BreadcrumbList","@id":"https:\/\/stc.cz\/en\/printing-techniques\/offset-printing\/#breadcrumb","itemListElement":[{"@type":"ListItem","position":1,"name":"Printing techniques","item":"https:\/\/stc.cz\/en\/printing-techniques\/"},{"@type":"ListItem","position":2,"name":"Offset printing"}]},{"@type":"WebSite","@id":"https:\/\/stc.cz\/#website","url":"https:\/\/stc.cz\/","name":"St\u00e1tn\u00ed tisk\u00e1rna cenin","description":"","publisher":{"@id":"https:\/\/stc.cz\/#organization"},"alternateName":"V\u00edce ne\u017e 95 let nab\u00edz\u00edme sv\u00fdm z\u00e1kazn\u00edk\u016fm v\u00fdrobu polygrafick\u00fdch produkt\u016f s ceninov\u00fdmi ochrann\u00fdmi prvky v provozu vybaven\u00e9m nejmodern\u011bj\u0161\u00edmi technologiemi a bezpe\u010dnostn\u00edmi syst\u00e9my.","potentialAction":[{"@type":"SearchAction","target":{"@type":"EntryPoint","urlTemplate":"https:\/\/stc.cz\/?s={search_term_string}"},"query-input":{"@type":"PropertyValueSpecification","valueRequired":true,"valueName":"search_term_string"}}],"inLanguage":"en-US"},{"@type":"Organization","@id":"https:\/\/stc.cz\/#organization","name":"St\u00e1tn\u00ed tisk\u00e1rna cenin","url":"https:\/\/stc.cz\/","logo":{"@type":"ImageObject","inLanguage":"en-US","@id":"https:\/\/stc.cz\/#\/schema\/logo\/image\/","url":"https:\/\/stc.cz\/wp-content\/uploads\/2023\/03\/NOVE_LOGO_STC.jpg","contentUrl":"https:\/\/stc.cz\/wp-content\/uploads\/2023\/03\/NOVE_LOGO_STC.jpg","width":1280,"height":720,"caption":"St\u00e1tn\u00ed tisk\u00e1rna cenin"},"image":{"@id":"https:\/\/stc.cz\/#\/schema\/logo\/image\/"}}]}},"_links":{"self":[{"href":"https:\/\/stc.cz\/en\/wp-json\/wp\/v2\/pages\/14146","targetHints":{"allow":["GET"]}}],"collection":[{"href":"https:\/\/stc.cz\/en\/wp-json\/wp\/v2\/pages"}],"about":[{"href":"https:\/\/stc.cz\/en\/wp-json\/wp\/v2\/types\/page"}],"author":[{"embeddable":true,"href":"https:\/\/stc.cz\/en\/wp-json\/wp\/v2\/users\/8"}],"replies":[{"embeddable":true,"href":"https:\/\/stc.cz\/en\/wp-json\/wp\/v2\/comments?post=14146"}],"version-history":[{"count":6,"href":"https:\/\/stc.cz\/en\/wp-json\/wp\/v2\/pages\/14146\/revisions"}],"predecessor-version":[{"id":22482,"href":"https:\/\/stc.cz\/en\/wp-json\/wp\/v2\/pages\/14146\/revisions\/22482"}],"up":[{"embeddable":true,"href":"https:\/\/stc.cz\/en\/wp-json\/wp\/v2\/pages\/14182"}],"wp:attachment":[{"href":"https:\/\/stc.cz\/en\/wp-json\/wp\/v2\/media?parent=14146"}],"curies":[{"name":"wp","href":"https:\/\/api.w.org\/{rel}","templated":true}]}}