{"id":14120,"date":"2017-10-06T11:25:58","date_gmt":"2017-10-06T09:25:58","guid":{"rendered":"https:\/\/stc.cz\/o-spolecnosti\/statut-a-predmet-podnikani\/"},"modified":"2025-08-01T13:59:42","modified_gmt":"2025-08-01T11:59:42","slug":"status-and-scope-of-business","status":"publish","type":"page","link":"https:\/\/stc.cz\/en\/about-us\/status-and-scope-of-business\/","title":{"rendered":"Status and scope of business"},"content":{"rendered":"<div class=\"fusion-fullwidth fullwidth-box fusion-builder-row-1 nonhundred-percent-fullwidth non-hundred-percent-height-scrolling\" style=\"--awb-border-radius-top-left:0px;--awb-border-radius-top-right:0px;--awb-border-radius-bottom-right:0px;--awb-border-radius-bottom-left:0px;--awb-padding-top:100px;--awb-padding-bottom:105px;--awb-background-color:#f5f5f5;--awb-flex-wrap:wrap;\" ><div class=\"fusion-builder-row fusion-row\"><div class=\"fusion-layout-column fusion_builder_column fusion-builder-column-0 fusion_builder_column_1_1 1_1 fusion-one-full fusion-column-first fusion-column-last\" style=\"--awb-bg-size:cover;--awb-margin-bottom:0px;\"><div class=\"fusion-column-wrapper fusion-flex-column-wrapper-legacy\"><div class=\"fusion-text fusion-text-1\"><h2 style=\"text-align: center;\">Statut<\/h2>\n<\/div><div class=\"fusion-sep-clear\"><\/div><div class=\"fusion-separator\" style=\"margin-left: auto;margin-right: auto;margin-bottom:30px;width:100%;max-width:100px;\"><div class=\"fusion-separator-border sep-single sep-solid\" style=\"--awb-height:20px;--awb-amount:20px;--awb-sep-color:#dcecd7;border-color:#dcecd7;border-top-width:2px;\"><\/div><\/div><div class=\"fusion-sep-clear\"><\/div><div class=\"fusion-text fusion-text-2\"><p>St\u00e1tn\u00ed tisk\u00e1rna cenin, s. p. is a&nbsp;legal entity engaged in business activities with state property in its own name and on its own responsibility, which is entitled to manage this property. SPWS is not liable for government obligations and the government is not liable for obligations of SPWS, unless otherwise stipulated by law.<br \/>\nSt\u00e1tn\u00ed tisk\u00e1rna cenin, s. p. has been assigned:<\/p>\n<ol style=\"list-style: none;\">\n<li>Reg. No. 00001279<\/li>\n<li>VAT No. CZ00001279<\/li>\n<\/ol>\n<p><span class=\"jCAhz ChMk0b\"><span class=\"ryNqvb\">The founder of STC is\u00a0 Ministry of Finance of the Czech Republic, Letensk\u00e1 15, 118&nbsp;10 Prague 1.<br \/>\nPerson authorized to act on behalf of the founder:\u00a0 Mgr.<\/span><\/span> <span class=\"jCAhz ChMk0b\"><span class=\"ryNqvb\">Radoslav Bul\u00ed\u0159, Senior Director of Section 02 \u2013 ICT and Project Management.\u00a0<\/span><\/span><\/p>\n<\/div><div class=\"fusion-sep-clear\"><\/div><div class=\"fusion-separator fusion-full-width-sep\" style=\"margin-left: auto;margin-right: auto;margin-top:50px;width:100%;\"><\/div><div class=\"fusion-sep-clear\"><\/div><div class=\"fusion-clearfix\"><\/div><\/div><\/div><div class=\"fusion-layout-column fusion_builder_column fusion-builder-column-1 fusion_builder_column_1_1 1_1 fusion-one-full fusion-column-first fusion-column-last\" style=\"--awb-bg-size:cover;--awb-margin-bottom:0px;\"><div class=\"fusion-column-wrapper fusion-flex-column-wrapper-legacy\"><div class=\"fusion-text fusion-text-3\"><h2 style=\"text-align: center;\">OBJECTIVES OF BUSINESS ACTIVITY<\/h2>\n<\/div><div class=\"fusion-sep-clear\"><\/div><div class=\"fusion-separator\" style=\"margin-left: auto;margin-right: auto;margin-bottom:30px;width:100%;max-width:100px;\"><div class=\"fusion-separator-border sep-single sep-solid\" style=\"--awb-height:20px;--awb-amount:20px;--awb-sep-color:#dcecd7;border-color:#dcecd7;border-top-width:2px;\"><\/div><\/div><div class=\"fusion-sep-clear\"><\/div><div class=\"fusion-text fusion-text-4\"><p>The main objectives of St\u00e1tn\u00ed tisk\u00e1rna cenin, s. p.:<\/p>\n<ul>\n<li>Preparation and printing of banknotes, security printed items, securities, government documents and important government forms that require protection against misuse;<\/li>\n<li>It may prepare and print banknotes, documents, papers, and other security printed items for foreign countries, utilising its available capacities, subject to compliance with professional competence and appropriate certificates and approvals;<\/li>\n<li>If the plant and its production and operating conditions permit, it also produces, through additional production, other printed products, especially for the organisations of the financial and credit system;<\/li>\n<li>Rentals of real estate, flats, and non-residential facilities.<\/li>\n<\/ul>\n<p>Its business activities further include:<\/p>\n<ul>\n<li>Manufacture, trade, and services not specified in Annexes 1 through 3 of the Trade Licensing Act;<\/li>\n<li>Publishing, printing production, bookbinding and copying operations;<\/li>\n<li>Manufacture of plastic and rubber products;<\/li>\n<li>Brokering of trade and services;<\/li>\n<li>Wholesale and retail;<\/li>\n<li>Accommodation services;<\/li>\n<li>Providing of software, consulting in information technology, data processing, hosting and related activities, and web portals;<\/li>\n<li>Lease and borrowing of movables;<\/li>\n<li>Advisory and consulting activities, processing of specialised studies and expert opinions;<\/li>\n<li>Services in the field of administrative management and services of an organisational and economic nature;<\/li>\n<li>Extracurricular education, holding of courses, training sessions, including lecturing;<\/li>\n<li>Production, trade, and services not included elsewhere.<\/li>\n<\/ul>\n<\/div><div class=\"fusion-sep-clear\"><\/div><div class=\"fusion-separator fusion-full-width-sep\" style=\"margin-left: auto;margin-right: auto;margin-top:50px;width:100%;\"><\/div><div class=\"fusion-sep-clear\"><\/div><div class=\"fusion-clearfix\"><\/div><\/div><\/div><\/div><\/div>\n","protected":false},"excerpt":{"rendered":"","protected":false},"author":8,"featured_media":0,"parent":14115,"menu_order":0,"comment_status":"closed","ping_status":"closed","template":"100-width.php","meta":{"footnotes":""},"class_list":["post-14120","page","type-page","status-publish","hentry"],"yoast_head":"<!-- This site is optimized with the Yoast SEO plugin v24.4 - https:\/\/yoast.com\/wordpress\/plugins\/seo\/ -->\n<title>- St\u00e1tn\u00ed tisk\u00e1rna cenin<\/title>\n<meta name=\"robots\" content=\"index, follow, max-snippet:-1, max-image-preview:large, max-video-preview:-1\" \/>\n<link rel=\"canonical\" href=\"https:\/\/stc.cz\/en\/about-us\/status-and-scope-of-business\/\" \/>\n<meta property=\"og:locale\" content=\"en_US\" \/>\n<meta property=\"og:type\" content=\"article\" \/>\n<meta property=\"og:title\" content=\"- St\u00e1tn\u00ed tisk\u00e1rna cenin\" \/>\n<meta property=\"og:url\" content=\"https:\/\/stc.cz\/en\/about-us\/status-and-scope-of-business\/\" \/>\n<meta property=\"og:site_name\" content=\"St\u00e1tn\u00ed tisk\u00e1rna cenin\" \/>\n<meta property=\"article:modified_time\" content=\"2025-08-01T11:59:42+00:00\" \/>\n<meta property=\"og:image\" content=\"https:\/\/stc.cz\/wp-content\/uploads\/2023\/03\/NOVE_LOGO_STC_ukazka.jpg\" \/>\n\t<meta property=\"og:image:width\" content=\"1018\" \/>\n\t<meta property=\"og:image:height\" content=\"720\" \/>\n\t<meta property=\"og:image:type\" content=\"image\/jpeg\" \/>\n<meta name=\"twitter:card\" content=\"summary_large_image\" \/>\n<meta name=\"twitter:label1\" content=\"Est. reading time\" \/>\n\t<meta name=\"twitter:data1\" content=\"2 minutes\" \/>\n<script type=\"application\/ld+json\" class=\"yoast-schema-graph\">{\"@context\":\"https:\/\/schema.org\",\"@graph\":[{\"@type\":\"WebPage\",\"@id\":\"https:\/\/stc.cz\/en\/about-us\/status-and-scope-of-business\/\",\"url\":\"https:\/\/stc.cz\/en\/about-us\/status-and-scope-of-business\/\",\"name\":\"- St\u00e1tn\u00ed tisk\u00e1rna cenin\",\"isPartOf\":{\"@id\":\"https:\/\/stc.cz\/#website\"},\"datePublished\":\"2017-10-06T09:25:58+00:00\",\"dateModified\":\"2025-08-01T11:59:42+00:00\",\"breadcrumb\":{\"@id\":\"https:\/\/stc.cz\/en\/about-us\/status-and-scope-of-business\/#breadcrumb\"},\"inLanguage\":\"en-US\",\"potentialAction\":[{\"@type\":\"ReadAction\",\"target\":[\"https:\/\/stc.cz\/en\/about-us\/status-and-scope-of-business\/\"]}]},{\"@type\":\"BreadcrumbList\",\"@id\":\"https:\/\/stc.cz\/en\/about-us\/status-and-scope-of-business\/#breadcrumb\",\"itemListElement\":[{\"@type\":\"ListItem\",\"position\":1,\"name\":\"About us\",\"item\":\"https:\/\/stc.cz\/en\/about-us\/\"},{\"@type\":\"ListItem\",\"position\":2,\"name\":\"Status and scope of business\"}]},{\"@type\":\"WebSite\",\"@id\":\"https:\/\/stc.cz\/#website\",\"url\":\"https:\/\/stc.cz\/\",\"name\":\"St\u00e1tn\u00ed tisk\u00e1rna cenin\",\"description\":\"\",\"publisher\":{\"@id\":\"https:\/\/stc.cz\/#organization\"},\"alternateName\":\"V\u00edce ne\u017e 95 let nab\u00edz\u00edme sv\u00fdm z\u00e1kazn\u00edk\u016fm v\u00fdrobu polygrafick\u00fdch produkt\u016f s ceninov\u00fdmi ochrann\u00fdmi prvky v provozu vybaven\u00e9m nejmodern\u011bj\u0161\u00edmi technologiemi a bezpe\u010dnostn\u00edmi syst\u00e9my.\",\"potentialAction\":[{\"@type\":\"SearchAction\",\"target\":{\"@type\":\"EntryPoint\",\"urlTemplate\":\"https:\/\/stc.cz\/?s={search_term_string}\"},\"query-input\":{\"@type\":\"PropertyValueSpecification\",\"valueRequired\":true,\"valueName\":\"search_term_string\"}}],\"inLanguage\":\"en-US\"},{\"@type\":\"Organization\",\"@id\":\"https:\/\/stc.cz\/#organization\",\"name\":\"St\u00e1tn\u00ed tisk\u00e1rna cenin\",\"url\":\"https:\/\/stc.cz\/\",\"logo\":{\"@type\":\"ImageObject\",\"inLanguage\":\"en-US\",\"@id\":\"https:\/\/stc.cz\/#\/schema\/logo\/image\/\",\"url\":\"https:\/\/stc.cz\/wp-content\/uploads\/2023\/03\/NOVE_LOGO_STC.jpg\",\"contentUrl\":\"https:\/\/stc.cz\/wp-content\/uploads\/2023\/03\/NOVE_LOGO_STC.jpg\",\"width\":1280,\"height\":720,\"caption\":\"St\u00e1tn\u00ed tisk\u00e1rna cenin\"},\"image\":{\"@id\":\"https:\/\/stc.cz\/#\/schema\/logo\/image\/\"}}]}<\/script>\n<!-- \/ Yoast SEO plugin. -->","yoast_head_json":{"title":"- St\u00e1tn\u00ed tisk\u00e1rna cenin","robots":{"index":"index","follow":"follow","max-snippet":"max-snippet:-1","max-image-preview":"max-image-preview:large","max-video-preview":"max-video-preview:-1"},"canonical":"https:\/\/stc.cz\/en\/about-us\/status-and-scope-of-business\/","og_locale":"en_US","og_type":"article","og_title":"- St\u00e1tn\u00ed tisk\u00e1rna cenin","og_url":"https:\/\/stc.cz\/en\/about-us\/status-and-scope-of-business\/","og_site_name":"St\u00e1tn\u00ed tisk\u00e1rna cenin","article_modified_time":"2025-08-01T11:59:42+00:00","og_image":[{"width":1018,"height":720,"url":"https:\/\/stc.cz\/wp-content\/uploads\/2023\/03\/NOVE_LOGO_STC_ukazka.jpg","type":"image\/jpeg"}],"twitter_card":"summary_large_image","twitter_misc":{"Est. reading time":"2 minutes"},"schema":{"@context":"https:\/\/schema.org","@graph":[{"@type":"WebPage","@id":"https:\/\/stc.cz\/en\/about-us\/status-and-scope-of-business\/","url":"https:\/\/stc.cz\/en\/about-us\/status-and-scope-of-business\/","name":"- St\u00e1tn\u00ed tisk\u00e1rna cenin","isPartOf":{"@id":"https:\/\/stc.cz\/#website"},"datePublished":"2017-10-06T09:25:58+00:00","dateModified":"2025-08-01T11:59:42+00:00","breadcrumb":{"@id":"https:\/\/stc.cz\/en\/about-us\/status-and-scope-of-business\/#breadcrumb"},"inLanguage":"en-US","potentialAction":[{"@type":"ReadAction","target":["https:\/\/stc.cz\/en\/about-us\/status-and-scope-of-business\/"]}]},{"@type":"BreadcrumbList","@id":"https:\/\/stc.cz\/en\/about-us\/status-and-scope-of-business\/#breadcrumb","itemListElement":[{"@type":"ListItem","position":1,"name":"About us","item":"https:\/\/stc.cz\/en\/about-us\/"},{"@type":"ListItem","position":2,"name":"Status and scope of business"}]},{"@type":"WebSite","@id":"https:\/\/stc.cz\/#website","url":"https:\/\/stc.cz\/","name":"St\u00e1tn\u00ed tisk\u00e1rna cenin","description":"","publisher":{"@id":"https:\/\/stc.cz\/#organization"},"alternateName":"V\u00edce ne\u017e 95 let nab\u00edz\u00edme sv\u00fdm z\u00e1kazn\u00edk\u016fm v\u00fdrobu polygrafick\u00fdch produkt\u016f s ceninov\u00fdmi ochrann\u00fdmi prvky v provozu vybaven\u00e9m nejmodern\u011bj\u0161\u00edmi technologiemi a bezpe\u010dnostn\u00edmi syst\u00e9my.","potentialAction":[{"@type":"SearchAction","target":{"@type":"EntryPoint","urlTemplate":"https:\/\/stc.cz\/?s={search_term_string}"},"query-input":{"@type":"PropertyValueSpecification","valueRequired":true,"valueName":"search_term_string"}}],"inLanguage":"en-US"},{"@type":"Organization","@id":"https:\/\/stc.cz\/#organization","name":"St\u00e1tn\u00ed tisk\u00e1rna cenin","url":"https:\/\/stc.cz\/","logo":{"@type":"ImageObject","inLanguage":"en-US","@id":"https:\/\/stc.cz\/#\/schema\/logo\/image\/","url":"https:\/\/stc.cz\/wp-content\/uploads\/2023\/03\/NOVE_LOGO_STC.jpg","contentUrl":"https:\/\/stc.cz\/wp-content\/uploads\/2023\/03\/NOVE_LOGO_STC.jpg","width":1280,"height":720,"caption":"St\u00e1tn\u00ed tisk\u00e1rna cenin"},"image":{"@id":"https:\/\/stc.cz\/#\/schema\/logo\/image\/"}}]}},"_links":{"self":[{"href":"https:\/\/stc.cz\/en\/wp-json\/wp\/v2\/pages\/14120","targetHints":{"allow":["GET"]}}],"collection":[{"href":"https:\/\/stc.cz\/en\/wp-json\/wp\/v2\/pages"}],"about":[{"href":"https:\/\/stc.cz\/en\/wp-json\/wp\/v2\/types\/page"}],"author":[{"embeddable":true,"href":"https:\/\/stc.cz\/en\/wp-json\/wp\/v2\/users\/8"}],"replies":[{"embeddable":true,"href":"https:\/\/stc.cz\/en\/wp-json\/wp\/v2\/comments?post=14120"}],"version-history":[{"count":9,"href":"https:\/\/stc.cz\/en\/wp-json\/wp\/v2\/pages\/14120\/revisions"}],"predecessor-version":[{"id":24805,"href":"https:\/\/stc.cz\/en\/wp-json\/wp\/v2\/pages\/14120\/revisions\/24805"}],"up":[{"embeddable":true,"href":"https:\/\/stc.cz\/en\/wp-json\/wp\/v2\/pages\/14115"}],"wp:attachment":[{"href":"https:\/\/stc.cz\/en\/wp-json\/wp\/v2\/media?parent=14120"}],"curies":[{"name":"wp","href":"https:\/\/api.w.org\/{rel}","templated":true}]}}